{"id":37116,"date":"2025-04-13T19:22:11","date_gmt":"2025-04-13T19:22:11","guid":{"rendered":"https:\/\/kabezadevaca.com\/producto\/abstracto-tinta-negra-poster-de-papel-semibrillante-premium-con-marco-de-madera\/"},"modified":"2025-04-13T19:28:16","modified_gmt":"2025-04-13T19:28:16","slug":"abstracto-tinta-negra-poster-de-papel-semibrillante-premium-con-marco-de-madera","status":"publish","type":"product","link":"https:\/\/kabezadevaca.com\/en\/product\/abstracto-tinta-negra-poster-de-papel-semibrillante-premium-con-marco-de-madera\/","title":{"rendered":"Abstract Black Ink-Poster paper semi-gloss premium with wooden frame"},"content":{"rendered":"<p>Nuestros p\u00f3steres enmarcados de madera listos para colgar son resistentes, duraderos y se pueden colgar al instante. Con nuestro papel semibrillante de mayor gramaje, podr\u00e1s disfrutar de obras de arte que resaltan con colores realzados y un brillo sutil. El acabado tambi\u00e9n a\u00f1ade una capa de protecci\u00f3n, evitando que el p\u00f3ster se decolore con el tiempo a causa de la exposici\u00f3n a la luz o la humedad.<\/p>\n<p><strong>Caracter\u00edsticas: <\/strong><\/p>\n<ul>\n<li><strong>Listo para colgar:<\/strong> El p\u00f3ster se entrega dentro del marco y est\u00e1 listo para colgarlo directamente en la pared.<\/li>\n<li><strong>Material del marco:<\/strong> Madera de pino duradera.<\/li>\n<li><strong>Color del marco:<\/strong> Disponible en negro, blanco (liso) y madera natural \u00a0(veta visible).<\/li>\n<li><strong>Medidas del marco:<\/strong> 20-25 mm (0,79-0,98 in) de grosor, 10-14 mm (0,4-0,6 in) de ancho, equilibrando durabilidad y estilo.<\/li>\n<li><strong>Gramaje del papel:<\/strong> 200 g\/m\u00b2 (80 lb), duradero y resistente.<\/li>\n<li><strong>Acabado del papel:<\/strong> Semibrillante, realza los colores con un sutil brillo.<\/li>\n<li><strong>Protecci\u00f3n:<\/strong> El plexigl\u00e1s inastillable mantiene el p\u00f3ster en excelentes condiciones.<\/li>\n<li><strong>Kit para colgar:<\/strong> Incluye herrajes para colgarlo f\u00e1cilmente en horizontal o vertical; listo para colgar.<\/li>\n<li><strong>Impacto medioambiental:<\/strong> Papel y marco con certificaci\u00f3n FSC, que apoya las pr\u00e1cticas sostenibles.<\/li>\n<li><strong>Tama\u00f1os disponibles:<\/strong> 15 tama\u00f1os, en pulgadas para EE.UU. y Canad\u00e1, en cent\u00edmetros para el resto del mundo. Los tama\u00f1os pueden variar ligeramente seg\u00fan la regi\u00f3n.<\/li>\n<li><strong>Embalaje:<\/strong> Se env\u00eda en un embalaje resistente y protector.<\/li>\n<li><strong>Uso:<\/strong> Para uso en interiores.<\/li>\n<li><strong>Impresi\u00f3n y env\u00edo:<\/strong> Impreso y enviado bajo demanda, sin m\u00ednimos.<\/li>\n<\/ul>","protected":false},"excerpt":{"rendered":"<p>Nuestros p\u00f3steres enmarcados de madera listos para colgar son resistentes, duraderos y se pueden colgar al instante. Con nuestro papel semibrillante de mayor gramaje, podr\u00e1s disfrutar de obras de arte que resaltan con colores realzados y un brillo sutil. El acabado tambi\u00e9n a\u00f1ade una capa de protecci\u00f3n, evitando que el p\u00f3ster se decolore con el [&hellip;]<\/p>","protected":false},"featured_media":37115,"template":"","meta":[],"product_brand":[],"product_cat":[46],"product_tag":[],"class_list":{"0":"post-37116","1":"product","2":"type-product","3":"status-publish","4":"has-post-thumbnail","6":"product_cat-abstracto","8":"first","9":"instock","10":"taxable","11":"shipping-taxable","12":"purchasable","13":"product-type-variable"},"yoast_head":"<!-- This site is optimized with the Yoast SEO plugin v26.4 - https:\/\/yoast.com\/wordpress\/plugins\/seo\/ -->\n<title>Abstracto Tinta Negra-P\u00f3ster de papel semibrillante pr\u00e9mium con marco de madera - Katia cabeza de vaca | Fot\u00f3grafa de autor<\/title>\n<meta name=\"robots\" content=\"index, follow, max-snippet:-1, max-image-preview:large, max-video-preview:-1\" \/>\n<link rel=\"canonical\" href=\"https:\/\/kabezadevaca.com\/en\/product\/abstracto-tinta-negra-poster-de-papel-semibrillante-premium-con-marco-de-madera\/\" \/>\n<meta property=\"og:locale\" content=\"en_GB\" \/>\n<meta property=\"og:type\" content=\"article\" \/>\n<meta property=\"og:title\" content=\"Abstracto Tinta Negra-P\u00f3ster de papel semibrillante pr\u00e9mium con marco de madera - Katia cabeza de vaca | Fot\u00f3grafa de autor\" \/>\n<meta property=\"og:description\" content=\"Nuestros p\u00f3steres enmarcados de madera listos para colgar son resistentes, duraderos y se pueden colgar al instante. Con nuestro papel semibrillante de mayor gramaje, podr\u00e1s disfrutar de obras de arte que resaltan con colores realzados y un brillo sutil. El acabado tambi\u00e9n a\u00f1ade una capa de protecci\u00f3n, evitando que el p\u00f3ster se decolore con el [&hellip;]\" \/>\n<meta property=\"og:url\" content=\"https:\/\/kabezadevaca.com\/en\/product\/abstracto-tinta-negra-poster-de-papel-semibrillante-premium-con-marco-de-madera\/\" \/>\n<meta property=\"og:site_name\" content=\"Katia cabeza de vaca | Fot\u00f3grafa de autor\" \/>\n<meta property=\"article:modified_time\" content=\"2025-04-13T19:28:16+00:00\" \/>\n<meta property=\"og:image\" content=\"https:\/\/kabezadevaca.com\/wp-content\/uploads\/2025\/04\/89c5da8c-5cda-42b6-b4cd-5f0e98d76b41.webp\" \/>\n\t<meta property=\"og:image:width\" content=\"2048\" \/>\n\t<meta property=\"og:image:height\" content=\"2048\" \/>\n\t<meta property=\"og:image:type\" content=\"image\/webp\" \/>\n<meta name=\"twitter:card\" content=\"summary_large_image\" \/>\n<meta name=\"twitter:label1\" content=\"Estimated reading time\" \/>\n\t<meta name=\"twitter:data1\" content=\"2 minutes\" \/>\n<script type=\"application\/ld+json\" class=\"yoast-schema-graph\">{\"@context\":\"https:\/\/schema.org\",\"@graph\":[{\"@type\":\"WebPage\",\"@id\":\"https:\/\/kabezadevaca.com\/producto\/abstracto-tinta-negra-poster-de-papel-semibrillante-premium-con-marco-de-madera\/\",\"url\":\"https:\/\/kabezadevaca.com\/producto\/abstracto-tinta-negra-poster-de-papel-semibrillante-premium-con-marco-de-madera\/\",\"name\":\"Abstracto Tinta Negra-P\u00f3ster de papel semibrillante pr\u00e9mium con marco de madera - Katia cabeza de vaca | Fot\u00f3grafa de autor\",\"isPartOf\":{\"@id\":\"https:\/\/kabezadevaca.com\/#website\"},\"primaryImageOfPage\":{\"@id\":\"https:\/\/kabezadevaca.com\/producto\/abstracto-tinta-negra-poster-de-papel-semibrillante-premium-con-marco-de-madera\/#primaryimage\"},\"image\":{\"@id\":\"https:\/\/kabezadevaca.com\/producto\/abstracto-tinta-negra-poster-de-papel-semibrillante-premium-con-marco-de-madera\/#primaryimage\"},\"thumbnailUrl\":\"https:\/\/kabezadevaca.com\/wp-content\/uploads\/2025\/04\/89c5da8c-5cda-42b6-b4cd-5f0e98d76b41.webp\",\"datePublished\":\"2025-04-13T19:22:11+00:00\",\"dateModified\":\"2025-04-13T19:28:16+00:00\",\"breadcrumb\":{\"@id\":\"https:\/\/kabezadevaca.com\/producto\/abstracto-tinta-negra-poster-de-papel-semibrillante-premium-con-marco-de-madera\/#breadcrumb\"},\"inLanguage\":\"en-GB\",\"potentialAction\":[{\"@type\":\"ReadAction\",\"target\":[\"https:\/\/kabezadevaca.com\/producto\/abstracto-tinta-negra-poster-de-papel-semibrillante-premium-con-marco-de-madera\/\"]}]},{\"@type\":\"ImageObject\",\"inLanguage\":\"en-GB\",\"@id\":\"https:\/\/kabezadevaca.com\/producto\/abstracto-tinta-negra-poster-de-papel-semibrillante-premium-con-marco-de-madera\/#primaryimage\",\"url\":\"https:\/\/kabezadevaca.com\/wp-content\/uploads\/2025\/04\/89c5da8c-5cda-42b6-b4cd-5f0e98d76b41.webp\",\"contentUrl\":\"https:\/\/kabezadevaca.com\/wp-content\/uploads\/2025\/04\/89c5da8c-5cda-42b6-b4cd-5f0e98d76b41.webp\",\"width\":2048,\"height\":2048,\"caption\":\"89c5da8c-5cda-42b6-b4cd-5f0e98d76b41\"},{\"@type\":\"BreadcrumbList\",\"@id\":\"https:\/\/kabezadevaca.com\/producto\/abstracto-tinta-negra-poster-de-papel-semibrillante-premium-con-marco-de-madera\/#breadcrumb\",\"itemListElement\":[{\"@type\":\"ListItem\",\"position\":1,\"name\":\"Portada\",\"item\":\"https:\/\/kabezadevaca.com\/\"},{\"@type\":\"ListItem\",\"position\":2,\"name\":\"Shop online\",\"item\":\"https:\/\/kabezadevaca.com\/tienda\/\"},{\"@type\":\"ListItem\",\"position\":3,\"name\":\"Abstracto Tinta Negra-P\u00f3ster de papel semibrillante pr\u00e9mium con marco de madera\"}]},{\"@type\":\"WebSite\",\"@id\":\"https:\/\/kabezadevaca.com\/#website\",\"url\":\"https:\/\/kabezadevaca.com\/\",\"name\":\"Katia cabeza de vaca | Fot\u00f3grafa de autor\",\"description\":\"Fotograf\u00eda retoque digital | Kabezadevaca\",\"publisher\":{\"@id\":\"https:\/\/kabezadevaca.com\/#organization\"},\"potentialAction\":[{\"@type\":\"SearchAction\",\"target\":{\"@type\":\"EntryPoint\",\"urlTemplate\":\"https:\/\/kabezadevaca.com\/?s={search_term_string}\"},\"query-input\":{\"@type\":\"PropertyValueSpecification\",\"valueRequired\":true,\"valueName\":\"search_term_string\"}}],\"inLanguage\":\"en-GB\"},{\"@type\":\"Organization\",\"@id\":\"https:\/\/kabezadevaca.com\/#organization\",\"name\":\"Katia Cabeza de Vaca\",\"url\":\"https:\/\/kabezadevaca.com\/\",\"logo\":{\"@type\":\"ImageObject\",\"inLanguage\":\"en-GB\",\"@id\":\"https:\/\/kabezadevaca.com\/#\/schema\/logo\/image\/\",\"url\":\"https:\/\/kabezadevaca.com\/wp-content\/uploads\/2025\/02\/kabeadevaca-Logonegro.png\",\"contentUrl\":\"https:\/\/kabezadevaca.com\/wp-content\/uploads\/2025\/02\/kabeadevaca-Logonegro.png\",\"width\":500,\"height\":249,\"caption\":\"Katia Cabeza de Vaca\"},\"image\":{\"@id\":\"https:\/\/kabezadevaca.com\/#\/schema\/logo\/image\/\"},\"sameAs\":[\"https:\/\/www.instagram.com\/kabezadevaca\/\"]}]}<\/script>\n<!-- \/ Yoast SEO plugin. -->","yoast_head_json":{"title":"Abstracto Tinta Negra-P\u00f3ster de papel semibrillante pr\u00e9mium con marco de madera - Katia cabeza de vaca | Fot\u00f3grafa de autor","robots":{"index":"index","follow":"follow","max-snippet":"max-snippet:-1","max-image-preview":"max-image-preview:large","max-video-preview":"max-video-preview:-1"},"canonical":"https:\/\/kabezadevaca.com\/en\/product\/abstracto-tinta-negra-poster-de-papel-semibrillante-premium-con-marco-de-madera\/","og_locale":"en_GB","og_type":"article","og_title":"Abstracto Tinta Negra-P\u00f3ster de papel semibrillante pr\u00e9mium con marco de madera - Katia cabeza de vaca | Fot\u00f3grafa de autor","og_description":"Nuestros p\u00f3steres enmarcados de madera listos para colgar son resistentes, duraderos y se pueden colgar al instante. Con nuestro papel semibrillante de mayor gramaje, podr\u00e1s disfrutar de obras de arte que resaltan con colores realzados y un brillo sutil. El acabado tambi\u00e9n a\u00f1ade una capa de protecci\u00f3n, evitando que el p\u00f3ster se decolore con el [&hellip;]","og_url":"https:\/\/kabezadevaca.com\/en\/product\/abstracto-tinta-negra-poster-de-papel-semibrillante-premium-con-marco-de-madera\/","og_site_name":"Katia cabeza de vaca | Fot\u00f3grafa de autor","article_modified_time":"2025-04-13T19:28:16+00:00","og_image":[{"width":2048,"height":2048,"url":"https:\/\/kabezadevaca.com\/wp-content\/uploads\/2025\/04\/89c5da8c-5cda-42b6-b4cd-5f0e98d76b41.webp","type":"image\/webp"}],"twitter_card":"summary_large_image","twitter_misc":{"Estimated reading time":"2 minutes"},"schema":{"@context":"https:\/\/schema.org","@graph":[{"@type":"WebPage","@id":"https:\/\/kabezadevaca.com\/producto\/abstracto-tinta-negra-poster-de-papel-semibrillante-premium-con-marco-de-madera\/","url":"https:\/\/kabezadevaca.com\/producto\/abstracto-tinta-negra-poster-de-papel-semibrillante-premium-con-marco-de-madera\/","name":"Abstracto Tinta Negra-P\u00f3ster de papel semibrillante pr\u00e9mium con marco de madera - Katia cabeza de vaca | Fot\u00f3grafa de autor","isPartOf":{"@id":"https:\/\/kabezadevaca.com\/#website"},"primaryImageOfPage":{"@id":"https:\/\/kabezadevaca.com\/producto\/abstracto-tinta-negra-poster-de-papel-semibrillante-premium-con-marco-de-madera\/#primaryimage"},"image":{"@id":"https:\/\/kabezadevaca.com\/producto\/abstracto-tinta-negra-poster-de-papel-semibrillante-premium-con-marco-de-madera\/#primaryimage"},"thumbnailUrl":"https:\/\/kabezadevaca.com\/wp-content\/uploads\/2025\/04\/89c5da8c-5cda-42b6-b4cd-5f0e98d76b41.webp","datePublished":"2025-04-13T19:22:11+00:00","dateModified":"2025-04-13T19:28:16+00:00","breadcrumb":{"@id":"https:\/\/kabezadevaca.com\/producto\/abstracto-tinta-negra-poster-de-papel-semibrillante-premium-con-marco-de-madera\/#breadcrumb"},"inLanguage":"en-GB","potentialAction":[{"@type":"ReadAction","target":["https:\/\/kabezadevaca.com\/producto\/abstracto-tinta-negra-poster-de-papel-semibrillante-premium-con-marco-de-madera\/"]}]},{"@type":"ImageObject","inLanguage":"en-GB","@id":"https:\/\/kabezadevaca.com\/producto\/abstracto-tinta-negra-poster-de-papel-semibrillante-premium-con-marco-de-madera\/#primaryimage","url":"https:\/\/kabezadevaca.com\/wp-content\/uploads\/2025\/04\/89c5da8c-5cda-42b6-b4cd-5f0e98d76b41.webp","contentUrl":"https:\/\/kabezadevaca.com\/wp-content\/uploads\/2025\/04\/89c5da8c-5cda-42b6-b4cd-5f0e98d76b41.webp","width":2048,"height":2048,"caption":"89c5da8c-5cda-42b6-b4cd-5f0e98d76b41"},{"@type":"BreadcrumbList","@id":"https:\/\/kabezadevaca.com\/producto\/abstracto-tinta-negra-poster-de-papel-semibrillante-premium-con-marco-de-madera\/#breadcrumb","itemListElement":[{"@type":"ListItem","position":1,"name":"Portada","item":"https:\/\/kabezadevaca.com\/"},{"@type":"ListItem","position":2,"name":"Shop online","item":"https:\/\/kabezadevaca.com\/tienda\/"},{"@type":"ListItem","position":3,"name":"Abstracto Tinta Negra-P\u00f3ster de papel semibrillante pr\u00e9mium con marco de madera"}]},{"@type":"WebSite","@id":"https:\/\/kabezadevaca.com\/#website","url":"https:\/\/kabezadevaca.com\/","name":"Katia cabeza de vaca | Fot\u00f3grafa de autor","description":"Fotograf\u00eda retoque digital | Kabezadevaca","publisher":{"@id":"https:\/\/kabezadevaca.com\/#organization"},"potentialAction":[{"@type":"SearchAction","target":{"@type":"EntryPoint","urlTemplate":"https:\/\/kabezadevaca.com\/?s={search_term_string}"},"query-input":{"@type":"PropertyValueSpecification","valueRequired":true,"valueName":"search_term_string"}}],"inLanguage":"en-GB"},{"@type":"Organization","@id":"https:\/\/kabezadevaca.com\/#organization","name":"Katia Cabeza de Vaca","url":"https:\/\/kabezadevaca.com\/","logo":{"@type":"ImageObject","inLanguage":"en-GB","@id":"https:\/\/kabezadevaca.com\/#\/schema\/logo\/image\/","url":"https:\/\/kabezadevaca.com\/wp-content\/uploads\/2025\/02\/kabeadevaca-Logonegro.png","contentUrl":"https:\/\/kabezadevaca.com\/wp-content\/uploads\/2025\/02\/kabeadevaca-Logonegro.png","width":500,"height":249,"caption":"Katia Cabeza de Vaca"},"image":{"@id":"https:\/\/kabezadevaca.com\/#\/schema\/logo\/image\/"},"sameAs":["https:\/\/www.instagram.com\/kabezadevaca\/"]}]}},"_links":{"self":[{"href":"https:\/\/kabezadevaca.com\/en\/wp-json\/wp\/v2\/product\/37116","targetHints":{"allow":["GET"]}}],"collection":[{"href":"https:\/\/kabezadevaca.com\/en\/wp-json\/wp\/v2\/product"}],"about":[{"href":"https:\/\/kabezadevaca.com\/en\/wp-json\/wp\/v2\/types\/product"}],"wp:featuredmedia":[{"embeddable":true,"href":"https:\/\/kabezadevaca.com\/en\/wp-json\/wp\/v2\/media\/37115"}],"wp:attachment":[{"href":"https:\/\/kabezadevaca.com\/en\/wp-json\/wp\/v2\/media?parent=37116"}],"wp:term":[{"taxonomy":"product_brand","embeddable":true,"href":"https:\/\/kabezadevaca.com\/en\/wp-json\/wp\/v2\/product_brand?post=37116"},{"taxonomy":"product_cat","embeddable":true,"href":"https:\/\/kabezadevaca.com\/en\/wp-json\/wp\/v2\/product_cat?post=37116"},{"taxonomy":"product_tag","embeddable":true,"href":"https:\/\/kabezadevaca.com\/en\/wp-json\/wp\/v2\/product_tag?post=37116"}],"curies":[{"name":"wp","href":"https:\/\/api.w.org\/{rel}","templated":true}]}}