{"id":36697,"date":"2025-03-18T18:46:24","date_gmt":"2025-03-18T18:46:24","guid":{"rendered":"https:\/\/kabezadevaca.com\/producto\/poster-con-marco-de-madera-premium-con-papel-mate-de-calidad-museo\/"},"modified":"2025-04-07T22:16:27","modified_gmt":"2025-04-07T22:16:27","slug":"poster-con-marco-de-madera-premium-con-papel-mate-de-calidad-museo","status":"publish","type":"product","link":"https:\/\/kabezadevaca.com\/en\/product\/poster-con-marco-de-madera-premium-con-papel-mate-de-calidad-museo\/","title":{"rendered":"Ara\u00f1a de la colecci\u00f3n &#8216;Intrusos&#8217;-P\u00f3ster con marco de madera pr\u00e9mium con papel mate de calidad museo"},"content":{"rendered":"<p>Nuestros p\u00f3steres pr\u00e9mium enmarcados en madera listos para colgar muestran un meticuloso trabajo artesanal. Elaborados con madera de roble de origen responsable, nuestros marcos en tono natural tienen un atractivo cl\u00e1sico, mientras que los marcos en blanco y negro, tallados en fresno, ofrecen un toque m\u00e1s contempor\u00e1neo. El patr\u00f3n natural de la madera hace que cada marco sea distinto, subrayando su belleza y car\u00e1cter naturales. El p\u00f3ster est\u00e1 realizado en nuestro papel de calidad de museo de edici\u00f3n Magister. Es un papel no estucado que posee un tono blanco roto, la mejor elecci\u00f3n para los amantes del arte que aprecian la calidad superior cuando desean disfrutar de las obras de arte de la forma m\u00e1s lujosa. <\/p>\n<p><strong> Caracter\u00edsticas: <\/strong><\/p>\n<ul>\n<li><strong>Listo para colgar:<\/strong> El p\u00f3ster se entrega dentro del marco y est\u00e1 listo para colgar directamente en la pared.<\/li>\n<li><strong>Material del marco:<\/strong> Madera de roble y fresno de origen responsable.<\/li>\n<li><strong>Color del marco:<\/strong> Disponible en el tono natural de la madera, en negro y en blanco, resaltando las distintas vetas de la madera.<\/li>\n<li><strong>Medidas del marco:<\/strong> 20 mm (0,79 in) de grosor y anchura, que ofrecen un perfil m\u00e1s ancho que el marco cl\u00e1sico de 14 mm (0,55 in).<\/li>\n<li><strong>Gramaje del papel:<\/strong> 250 g\/m\u00b2 (110 lb), una base resistente que es ideal para bellas artes.<\/li>\n<li><strong>Acabado del papel:<\/strong> Mate, no estucado, acabado blanco natural (blanco roto), papel de calidad de museo.<\/li>\n<li><strong>Protecci\u00f3n:<\/strong> El plexigl\u00e1s de distintos grosores (1,0 &#8211; 2,5 mm) protege tus obras de arte.<\/li>\n<li><strong>Sin \u00e1cido:<\/strong> La tecnolog\u00eda alcalina de fabricaci\u00f3n del papel evita que amarillee con el tiempo.<\/li>\n<li><strong>Aditivos abrillantadores \u00f3pticos (OBA):<\/strong> Bajo en OBA o sin OBA, lo que garantiza un color uniforme en diferentes condiciones de iluminaci\u00f3n.<\/li>\n<li><strong>Kit para colgar:<\/strong> Incluye herrajes para colgar f\u00e1cilmente; el p\u00f3ster llega listo para colgar.<\/li>\n<li><strong>Impacto medioambiental:<\/strong> Papel y marco con certificaci\u00f3n FSC para apoyar las pr\u00e1cticas sostenibles.<\/li>\n<li><strong>Tama\u00f1os disponibles:<\/strong> 15 tama\u00f1os, en pulgadas para EE.UU. y Canad\u00e1, y en cent\u00edmetros para el resto del mundo. Los tama\u00f1os pueden variar ligeramente seg\u00fan la regi\u00f3n.<\/li>\n<li><strong>Embalaje:<\/strong> Se env\u00eda en un embalaje resistente y protector.<\/li>\n<li><strong>Uso:<\/strong> Para uso en interiores.<\/li>\n<li><strong>Impresi\u00f3n y env\u00edo:<\/strong> Impreso y enviado bajo demanda, sin m\u00ednimos.<\/li>\n<\/ul>","protected":false},"excerpt":{"rendered":"<p>Nuestros p\u00f3steres pr\u00e9mium enmarcados en madera listos para colgar muestran un meticuloso trabajo artesanal. Elaborados con madera de roble de origen responsable, nuestros marcos en tono natural tienen un atractivo cl\u00e1sico, mientras que los marcos en blanco y negro, tallados en fresno, ofrecen un toque m\u00e1s contempor\u00e1neo. El patr\u00f3n natural de la madera hace que [&hellip;]<\/p>","protected":false},"featured_media":36873,"template":"","meta":[],"product_brand":[],"product_cat":[60],"product_tag":[],"class_list":{"0":"post-36697","1":"product","2":"type-product","3":"status-publish","4":"has-post-thumbnail","6":"product_cat-seres-vivos","8":"first","9":"instock","10":"taxable","11":"shipping-taxable","12":"purchasable","13":"product-type-variable"},"yoast_head":"<!-- This site is optimized with the Yoast SEO plugin v26.4 - https:\/\/yoast.com\/wordpress\/plugins\/seo\/ -->\n<title>Ara\u00f1a de la colecci\u00f3n &#039;Intrusos&#039;-P\u00f3ster con marco de madera pr\u00e9mium con papel mate de calidad museo - Katia cabeza de vaca | Fot\u00f3grafa de autor<\/title>\n<meta name=\"robots\" content=\"index, follow, max-snippet:-1, max-image-preview:large, max-video-preview:-1\" \/>\n<link rel=\"canonical\" href=\"https:\/\/kabezadevaca.com\/en\/product\/poster-con-marco-de-madera-premium-con-papel-mate-de-calidad-museo\/\" \/>\n<meta property=\"og:locale\" content=\"en_GB\" \/>\n<meta property=\"og:type\" content=\"article\" \/>\n<meta property=\"og:title\" content=\"Ara\u00f1a de la colecci\u00f3n &#039;Intrusos&#039;-P\u00f3ster con marco de madera pr\u00e9mium con papel mate de calidad museo - Katia cabeza de vaca | Fot\u00f3grafa de autor\" \/>\n<meta property=\"og:description\" content=\"Nuestros p\u00f3steres pr\u00e9mium enmarcados en madera listos para colgar muestran un meticuloso trabajo artesanal. Elaborados con madera de roble de origen responsable, nuestros marcos en tono natural tienen un atractivo cl\u00e1sico, mientras que los marcos en blanco y negro, tallados en fresno, ofrecen un toque m\u00e1s contempor\u00e1neo. El patr\u00f3n natural de la madera hace que [&hellip;]\" \/>\n<meta property=\"og:url\" content=\"https:\/\/kabezadevaca.com\/en\/product\/poster-con-marco-de-madera-premium-con-papel-mate-de-calidad-museo\/\" \/>\n<meta property=\"og:site_name\" content=\"Katia cabeza de vaca | Fot\u00f3grafa de autor\" \/>\n<meta property=\"article:modified_time\" content=\"2025-04-07T22:16:27+00:00\" \/>\n<meta property=\"og:image\" content=\"https:\/\/kabezadevaca.com\/wp-content\/uploads\/2025\/04\/1f499fae-6d05-4730-b4c4-0af3052a13ab.webp\" \/>\n\t<meta property=\"og:image:width\" content=\"2048\" \/>\n\t<meta property=\"og:image:height\" content=\"2048\" \/>\n\t<meta property=\"og:image:type\" content=\"image\/webp\" \/>\n<meta name=\"twitter:card\" content=\"summary_large_image\" \/>\n<meta name=\"twitter:label1\" content=\"Estimated reading time\" \/>\n\t<meta name=\"twitter:data1\" content=\"2 minutes\" \/>\n<script type=\"application\/ld+json\" class=\"yoast-schema-graph\">{\"@context\":\"https:\/\/schema.org\",\"@graph\":[{\"@type\":\"WebPage\",\"@id\":\"https:\/\/kabezadevaca.com\/producto\/poster-con-marco-de-madera-premium-con-papel-mate-de-calidad-museo\/\",\"url\":\"https:\/\/kabezadevaca.com\/producto\/poster-con-marco-de-madera-premium-con-papel-mate-de-calidad-museo\/\",\"name\":\"Ara\u00f1a de la colecci\u00f3n 'Intrusos'-P\u00f3ster con marco de madera pr\u00e9mium con papel mate de calidad museo - Katia cabeza de vaca | Fot\u00f3grafa de autor\",\"isPartOf\":{\"@id\":\"https:\/\/kabezadevaca.com\/#website\"},\"primaryImageOfPage\":{\"@id\":\"https:\/\/kabezadevaca.com\/producto\/poster-con-marco-de-madera-premium-con-papel-mate-de-calidad-museo\/#primaryimage\"},\"image\":{\"@id\":\"https:\/\/kabezadevaca.com\/producto\/poster-con-marco-de-madera-premium-con-papel-mate-de-calidad-museo\/#primaryimage\"},\"thumbnailUrl\":\"https:\/\/kabezadevaca.com\/wp-content\/uploads\/2025\/04\/056f1446-96d4-42f8-8b8a-fdb852af025d.webp\",\"datePublished\":\"2025-03-18T18:46:24+00:00\",\"dateModified\":\"2025-04-07T22:16:27+00:00\",\"breadcrumb\":{\"@id\":\"https:\/\/kabezadevaca.com\/producto\/poster-con-marco-de-madera-premium-con-papel-mate-de-calidad-museo\/#breadcrumb\"},\"inLanguage\":\"en-GB\",\"potentialAction\":[{\"@type\":\"ReadAction\",\"target\":[\"https:\/\/kabezadevaca.com\/producto\/poster-con-marco-de-madera-premium-con-papel-mate-de-calidad-museo\/\"]}]},{\"@type\":\"ImageObject\",\"inLanguage\":\"en-GB\",\"@id\":\"https:\/\/kabezadevaca.com\/producto\/poster-con-marco-de-madera-premium-con-papel-mate-de-calidad-museo\/#primaryimage\",\"url\":\"https:\/\/kabezadevaca.com\/wp-content\/uploads\/2025\/04\/056f1446-96d4-42f8-8b8a-fdb852af025d.webp\",\"contentUrl\":\"https:\/\/kabezadevaca.com\/wp-content\/uploads\/2025\/04\/056f1446-96d4-42f8-8b8a-fdb852af025d.webp\",\"width\":2048,\"height\":2048,\"caption\":\"056f1446-96d4-42f8-8b8a-fdb852af025d\"},{\"@type\":\"BreadcrumbList\",\"@id\":\"https:\/\/kabezadevaca.com\/producto\/poster-con-marco-de-madera-premium-con-papel-mate-de-calidad-museo\/#breadcrumb\",\"itemListElement\":[{\"@type\":\"ListItem\",\"position\":1,\"name\":\"Portada\",\"item\":\"https:\/\/kabezadevaca.com\/\"},{\"@type\":\"ListItem\",\"position\":2,\"name\":\"Shop online\",\"item\":\"https:\/\/kabezadevaca.com\/tienda\/\"},{\"@type\":\"ListItem\",\"position\":3,\"name\":\"Ara\u00f1a de la colecci\u00f3n &#8216;Intrusos&#8217;-P\u00f3ster con marco de madera pr\u00e9mium con papel mate de calidad museo\"}]},{\"@type\":\"WebSite\",\"@id\":\"https:\/\/kabezadevaca.com\/#website\",\"url\":\"https:\/\/kabezadevaca.com\/\",\"name\":\"Katia cabeza de vaca | Fot\u00f3grafa de autor\",\"description\":\"Fotograf\u00eda retoque digital | Kabezadevaca\",\"publisher\":{\"@id\":\"https:\/\/kabezadevaca.com\/#organization\"},\"potentialAction\":[{\"@type\":\"SearchAction\",\"target\":{\"@type\":\"EntryPoint\",\"urlTemplate\":\"https:\/\/kabezadevaca.com\/?s={search_term_string}\"},\"query-input\":{\"@type\":\"PropertyValueSpecification\",\"valueRequired\":true,\"valueName\":\"search_term_string\"}}],\"inLanguage\":\"en-GB\"},{\"@type\":\"Organization\",\"@id\":\"https:\/\/kabezadevaca.com\/#organization\",\"name\":\"Katia Cabeza de Vaca\",\"url\":\"https:\/\/kabezadevaca.com\/\",\"logo\":{\"@type\":\"ImageObject\",\"inLanguage\":\"en-GB\",\"@id\":\"https:\/\/kabezadevaca.com\/#\/schema\/logo\/image\/\",\"url\":\"https:\/\/kabezadevaca.com\/wp-content\/uploads\/2025\/02\/kabeadevaca-Logonegro.png\",\"contentUrl\":\"https:\/\/kabezadevaca.com\/wp-content\/uploads\/2025\/02\/kabeadevaca-Logonegro.png\",\"width\":500,\"height\":249,\"caption\":\"Katia Cabeza de Vaca\"},\"image\":{\"@id\":\"https:\/\/kabezadevaca.com\/#\/schema\/logo\/image\/\"},\"sameAs\":[\"https:\/\/www.instagram.com\/kabezadevaca\/\"]}]}<\/script>\n<!-- \/ Yoast SEO plugin. -->","yoast_head_json":{"title":"Ara\u00f1a de la colecci\u00f3n 'Intrusos'-P\u00f3ster con marco de madera pr\u00e9mium con papel mate de calidad museo - Katia cabeza de vaca | Fot\u00f3grafa de autor","robots":{"index":"index","follow":"follow","max-snippet":"max-snippet:-1","max-image-preview":"max-image-preview:large","max-video-preview":"max-video-preview:-1"},"canonical":"https:\/\/kabezadevaca.com\/en\/product\/poster-con-marco-de-madera-premium-con-papel-mate-de-calidad-museo\/","og_locale":"en_GB","og_type":"article","og_title":"Ara\u00f1a de la colecci\u00f3n 'Intrusos'-P\u00f3ster con marco de madera pr\u00e9mium con papel mate de calidad museo - Katia cabeza de vaca | Fot\u00f3grafa de autor","og_description":"Nuestros p\u00f3steres pr\u00e9mium enmarcados en madera listos para colgar muestran un meticuloso trabajo artesanal. Elaborados con madera de roble de origen responsable, nuestros marcos en tono natural tienen un atractivo cl\u00e1sico, mientras que los marcos en blanco y negro, tallados en fresno, ofrecen un toque m\u00e1s contempor\u00e1neo. El patr\u00f3n natural de la madera hace que [&hellip;]","og_url":"https:\/\/kabezadevaca.com\/en\/product\/poster-con-marco-de-madera-premium-con-papel-mate-de-calidad-museo\/","og_site_name":"Katia cabeza de vaca | Fot\u00f3grafa de autor","article_modified_time":"2025-04-07T22:16:27+00:00","og_image":[{"width":2048,"height":2048,"url":"https:\/\/kabezadevaca.com\/wp-content\/uploads\/2025\/04\/1f499fae-6d05-4730-b4c4-0af3052a13ab.webp","type":"image\/webp"}],"twitter_card":"summary_large_image","twitter_misc":{"Estimated reading time":"2 minutes"},"schema":{"@context":"https:\/\/schema.org","@graph":[{"@type":"WebPage","@id":"https:\/\/kabezadevaca.com\/producto\/poster-con-marco-de-madera-premium-con-papel-mate-de-calidad-museo\/","url":"https:\/\/kabezadevaca.com\/producto\/poster-con-marco-de-madera-premium-con-papel-mate-de-calidad-museo\/","name":"Ara\u00f1a de la colecci\u00f3n 'Intrusos'-P\u00f3ster con marco de madera pr\u00e9mium con papel mate de calidad museo - Katia cabeza de vaca | Fot\u00f3grafa de autor","isPartOf":{"@id":"https:\/\/kabezadevaca.com\/#website"},"primaryImageOfPage":{"@id":"https:\/\/kabezadevaca.com\/producto\/poster-con-marco-de-madera-premium-con-papel-mate-de-calidad-museo\/#primaryimage"},"image":{"@id":"https:\/\/kabezadevaca.com\/producto\/poster-con-marco-de-madera-premium-con-papel-mate-de-calidad-museo\/#primaryimage"},"thumbnailUrl":"https:\/\/kabezadevaca.com\/wp-content\/uploads\/2025\/04\/056f1446-96d4-42f8-8b8a-fdb852af025d.webp","datePublished":"2025-03-18T18:46:24+00:00","dateModified":"2025-04-07T22:16:27+00:00","breadcrumb":{"@id":"https:\/\/kabezadevaca.com\/producto\/poster-con-marco-de-madera-premium-con-papel-mate-de-calidad-museo\/#breadcrumb"},"inLanguage":"en-GB","potentialAction":[{"@type":"ReadAction","target":["https:\/\/kabezadevaca.com\/producto\/poster-con-marco-de-madera-premium-con-papel-mate-de-calidad-museo\/"]}]},{"@type":"ImageObject","inLanguage":"en-GB","@id":"https:\/\/kabezadevaca.com\/producto\/poster-con-marco-de-madera-premium-con-papel-mate-de-calidad-museo\/#primaryimage","url":"https:\/\/kabezadevaca.com\/wp-content\/uploads\/2025\/04\/056f1446-96d4-42f8-8b8a-fdb852af025d.webp","contentUrl":"https:\/\/kabezadevaca.com\/wp-content\/uploads\/2025\/04\/056f1446-96d4-42f8-8b8a-fdb852af025d.webp","width":2048,"height":2048,"caption":"056f1446-96d4-42f8-8b8a-fdb852af025d"},{"@type":"BreadcrumbList","@id":"https:\/\/kabezadevaca.com\/producto\/poster-con-marco-de-madera-premium-con-papel-mate-de-calidad-museo\/#breadcrumb","itemListElement":[{"@type":"ListItem","position":1,"name":"Portada","item":"https:\/\/kabezadevaca.com\/"},{"@type":"ListItem","position":2,"name":"Shop online","item":"https:\/\/kabezadevaca.com\/tienda\/"},{"@type":"ListItem","position":3,"name":"Ara\u00f1a de la colecci\u00f3n &#8216;Intrusos&#8217;-P\u00f3ster con marco de madera pr\u00e9mium con papel mate de calidad museo"}]},{"@type":"WebSite","@id":"https:\/\/kabezadevaca.com\/#website","url":"https:\/\/kabezadevaca.com\/","name":"Katia cabeza de vaca | Fot\u00f3grafa de autor","description":"Fotograf\u00eda retoque digital | Kabezadevaca","publisher":{"@id":"https:\/\/kabezadevaca.com\/#organization"},"potentialAction":[{"@type":"SearchAction","target":{"@type":"EntryPoint","urlTemplate":"https:\/\/kabezadevaca.com\/?s={search_term_string}"},"query-input":{"@type":"PropertyValueSpecification","valueRequired":true,"valueName":"search_term_string"}}],"inLanguage":"en-GB"},{"@type":"Organization","@id":"https:\/\/kabezadevaca.com\/#organization","name":"Katia Cabeza de Vaca","url":"https:\/\/kabezadevaca.com\/","logo":{"@type":"ImageObject","inLanguage":"en-GB","@id":"https:\/\/kabezadevaca.com\/#\/schema\/logo\/image\/","url":"https:\/\/kabezadevaca.com\/wp-content\/uploads\/2025\/02\/kabeadevaca-Logonegro.png","contentUrl":"https:\/\/kabezadevaca.com\/wp-content\/uploads\/2025\/02\/kabeadevaca-Logonegro.png","width":500,"height":249,"caption":"Katia Cabeza de Vaca"},"image":{"@id":"https:\/\/kabezadevaca.com\/#\/schema\/logo\/image\/"},"sameAs":["https:\/\/www.instagram.com\/kabezadevaca\/"]}]}},"_links":{"self":[{"href":"https:\/\/kabezadevaca.com\/en\/wp-json\/wp\/v2\/product\/36697","targetHints":{"allow":["GET"]}}],"collection":[{"href":"https:\/\/kabezadevaca.com\/en\/wp-json\/wp\/v2\/product"}],"about":[{"href":"https:\/\/kabezadevaca.com\/en\/wp-json\/wp\/v2\/types\/product"}],"wp:featuredmedia":[{"embeddable":true,"href":"https:\/\/kabezadevaca.com\/en\/wp-json\/wp\/v2\/media\/36873"}],"wp:attachment":[{"href":"https:\/\/kabezadevaca.com\/en\/wp-json\/wp\/v2\/media?parent=36697"}],"wp:term":[{"taxonomy":"product_brand","embeddable":true,"href":"https:\/\/kabezadevaca.com\/en\/wp-json\/wp\/v2\/product_brand?post=36697"},{"taxonomy":"product_cat","embeddable":true,"href":"https:\/\/kabezadevaca.com\/en\/wp-json\/wp\/v2\/product_cat?post=36697"},{"taxonomy":"product_tag","embeddable":true,"href":"https:\/\/kabezadevaca.com\/en\/wp-json\/wp\/v2\/product_tag?post=36697"}],"curies":[{"name":"wp","href":"https:\/\/api.w.org\/{rel}","templated":true}]}}