{"id":35898,"date":"2025-02-04T14:00:25","date_gmt":"2025-02-04T13:00:25","guid":{"rendered":"https:\/\/cma.partners360.es\/?page_id=35898"},"modified":"2025-04-02T18:01:30","modified_gmt":"2025-04-02T18:01:30","slug":"bodegon","status":"publish","type":"page","link":"https:\/\/kabezadevaca.com\/en\/portfolio\/bodegon\/","title":{"rendered":"Product"},"content":{"rendered":"<div data-elementor-type=\"wp-page\" data-elementor-id=\"35898\" class=\"elementor elementor-35898\" data-elementor-post-type=\"page\">\n\t\t\t\t<div class=\"elementor-element elementor-element-fa89fda e-flex e-con-boxed e-con e-parent\" data-id=\"fa89fda\" data-element_type=\"container\" data-settings=\"{&quot;background_background&quot;:&quot;classic&quot;}\">\n\t\t\t\t\t<div class=\"e-con-inner\">\n\t\t\t\t<div class=\"elementor-element elementor-element-c059a92 elementor-widget elementor-widget-heading\" data-id=\"c059a92\" data-element_type=\"widget\" data-widget_type=\"heading.default\">\n\t\t\t\t<div class=\"elementor-widget-container\">\n\t\t\t\t\t<h1 class=\"elementor-heading-title elementor-size-default\">Product<\/h1>\t\t\t\t<\/div>\n\t\t\t\t<\/div>\n\t\t\t\t<div class=\"elementor-element elementor-element-f4ed539 elementor-widget elementor-widget-heading\" data-id=\"f4ed539\" data-element_type=\"widget\" data-widget_type=\"heading.default\">\n\t\t\t\t<div class=\"elementor-widget-container\">\n\t\t\t\t\t<h2 class=\"elementor-heading-title elementor-size-default\">Con todo el sentido<\/h2>\t\t\t\t<\/div>\n\t\t\t\t<\/div>\n\t\t\t\t\t<\/div>\n\t\t\t\t<\/div>\n\t\t<div class=\"elementor-element elementor-element-d6e8232 e-flex e-con-boxed e-con e-child\" data-id=\"d6e8232\" data-element_type=\"container\">\n\t\t\t\t\t<div class=\"e-con-inner\">\n\t\t\t\t<div class=\"elementor-element elementor-element-1dac50c elementor-widget elementor-widget-heading\" data-id=\"1dac50c\" data-element_type=\"widget\" data-widget_type=\"heading.default\">\n\t\t\t\t<div class=\"elementor-widget-container\">\n\t\t\t\t\t<h1 class=\"elementor-heading-title elementor-size-default\">Bodeg\u00f3n de Producto<\/h1>\t\t\t\t<\/div>\n\t\t\t\t<\/div>\n\t\t\t\t<div class=\"elementor-element elementor-element-8f21668 elementor-widget elementor-widget-text-editor\" data-id=\"8f21668\" data-element_type=\"widget\" data-widget_type=\"text-editor.default\">\n\t\t\t\t<div class=\"elementor-widget-container\">\n\t\t\t\t\t\t\t\t\t<p>La materia cardinal de tu negocio es tu producto. \u00a1Iluminemos sus bondades! Tanto si la necesidad es de fotograf\u00eda creativa como de im\u00e1genes para e-commerce, el resultado ser\u00e1 m\u00e1gico.<\/p>\t\t\t\t\t\t\t\t<\/div>\n\t\t\t\t<\/div>\n\t\t\t\t<div class=\"elementor-element elementor-element-224e656 elementor-widget elementor-widget-gallery\" data-id=\"224e656\" data-element_type=\"widget\" data-settings=\"{&quot;columns&quot;:3,&quot;gap&quot;:{&quot;unit&quot;:&quot;px&quot;,&quot;size&quot;:5,&quot;sizes&quot;:[]},&quot;aspect_ratio&quot;:&quot;1:1&quot;,&quot;lazyload&quot;:&quot;yes&quot;,&quot;gallery_layout&quot;:&quot;grid&quot;,&quot;columns_tablet&quot;:2,&quot;columns_mobile&quot;:1,&quot;gap_laptop&quot;:{&quot;unit&quot;:&quot;px&quot;,&quot;size&quot;:10,&quot;sizes&quot;:[]},&quot;gap_tablet&quot;:{&quot;unit&quot;:&quot;px&quot;,&quot;size&quot;:10,&quot;sizes&quot;:[]},&quot;gap_mobile&quot;:{&quot;unit&quot;:&quot;px&quot;,&quot;size&quot;:10,&quot;sizes&quot;:[]},&quot;link_to&quot;:&quot;file&quot;,&quot;content_hover_animation&quot;:&quot;fade-in&quot;}\" data-widget_type=\"gallery.default\">\n\t\t\t\t<div class=\"elementor-widget-container\">\n\t\t\t\t\t\t\t<div class=\"elementor-gallery__container\">\n\t\t\t\t\t\t\t<a class=\"e-gallery-item elementor-gallery-item elementor-animated-content\" href=\"https:\/\/kabezadevaca.com\/wp-content\/uploads\/2025\/02\/Tetera_China_Bodegon-scaled-1.webp\" data-elementor-open-lightbox=\"yes\" data-elementor-lightbox-slideshow=\"224e656\" data-e-action-hash=\"#elementor-action%3Aaction%3Dlightbox%26settings%3DeyJpZCI6MzYwMjQsInVybCI6Imh0dHBzOlwvXC9rYWJlemFkZXZhY2EuY29tXC93cC1jb250ZW50XC91cGxvYWRzXC8yMDI1XC8wMlwvVGV0ZXJhX0NoaW5hX0JvZGVnb24tc2NhbGVkLTEud2VicCIsInNsaWRlc2hvdyI6IjIyNGU2NTYifQ%3D%3D\">\n\t\t\t\t\t<div class=\"e-gallery-image elementor-gallery-item__image\" data-thumbnail=\"https:\/\/kabezadevaca.com\/wp-content\/uploads\/2025\/02\/Tetera_China_Bodegon-scaled-1.webp\" data-width=\"1707\" data-height=\"2560\" aria-label=\"\" role=\"img\" ><\/div>\n\t\t\t\t\t\t\t\t\t\t\t\t\t\t<\/a>\n\t\t\t\t\t\t\t<a class=\"e-gallery-item elementor-gallery-item elementor-animated-content\" href=\"https:\/\/kabezadevaca.com\/wp-content\/uploads\/2025\/02\/3A1_Bodegon-final_K_Cabeza_perfume-2-scaled-2.webp\" data-elementor-open-lightbox=\"yes\" data-elementor-lightbox-slideshow=\"224e656\" data-e-action-hash=\"#elementor-action%3Aaction%3Dlightbox%26settings%3DeyJpZCI6MzYwMjMsInVybCI6Imh0dHBzOlwvXC9rYWJlemFkZXZhY2EuY29tXC93cC1jb250ZW50XC91cGxvYWRzXC8yMDI1XC8wMlwvM0ExX0JvZGVnb24tZmluYWxfS19DYWJlemFfcGVyZnVtZS0yLXNjYWxlZC0yLndlYnAiLCJzbGlkZXNob3ciOiIyMjRlNjU2In0%3D\">\n\t\t\t\t\t<div class=\"e-gallery-image elementor-gallery-item__image\" data-thumbnail=\"https:\/\/kabezadevaca.com\/wp-content\/uploads\/2025\/02\/3A1_Bodegon-final_K_Cabeza_perfume-2-scaled-2.webp\" data-width=\"1707\" data-height=\"2560\" aria-label=\"\" role=\"img\" ><\/div>\n\t\t\t\t\t\t\t\t\t\t\t\t\t\t<\/a>\n\t\t\t\t\t\t\t<a class=\"e-gallery-item elementor-gallery-item elementor-animated-content\" href=\"https:\/\/kabezadevaca.com\/wp-content\/uploads\/2025\/03\/ZapatosBonApetit-scaled.webp\" data-elementor-open-lightbox=\"yes\" data-elementor-lightbox-slideshow=\"224e656\" data-e-action-hash=\"#elementor-action%3Aaction%3Dlightbox%26settings%3DeyJpZCI6MzY0MzYsInVybCI6Imh0dHBzOlwvXC9rYWJlemFkZXZhY2EuY29tXC93cC1jb250ZW50XC91cGxvYWRzXC8yMDI1XC8wM1wvWmFwYXRvc0JvbkFwZXRpdC1zY2FsZWQud2VicCIsInNsaWRlc2hvdyI6IjIyNGU2NTYifQ%3D%3D\">\n\t\t\t\t\t<div class=\"e-gallery-image elementor-gallery-item__image\" data-thumbnail=\"https:\/\/kabezadevaca.com\/wp-content\/uploads\/2025\/03\/ZapatosBonApetit-scaled.webp\" data-width=\"2182\" data-height=\"2560\" aria-label=\"\" role=\"img\" ><\/div>\n\t\t\t\t\t\t\t\t\t\t\t\t\t\t<\/a>\n\t\t\t\t\t\t\t<a class=\"e-gallery-item elementor-gallery-item elementor-animated-content\" href=\"https:\/\/kabezadevaca.com\/wp-content\/uploads\/2025\/03\/Sin-titulo-1-dgdcg-scaled.webp\" data-elementor-open-lightbox=\"yes\" data-elementor-lightbox-slideshow=\"224e656\" data-e-action-hash=\"#elementor-action%3Aaction%3Dlightbox%26settings%3DeyJpZCI6MzY0ODcsInVybCI6Imh0dHBzOlwvXC9rYWJlemFkZXZhY2EuY29tXC93cC1jb250ZW50XC91cGxvYWRzXC8yMDI1XC8wM1wvU2luLXRpdHVsby0xLWRnZGNnLXNjYWxlZC53ZWJwIiwic2xpZGVzaG93IjoiMjI0ZTY1NiJ9\">\n\t\t\t\t\t<div class=\"e-gallery-image elementor-gallery-item__image\" data-thumbnail=\"https:\/\/kabezadevaca.com\/wp-content\/uploads\/2025\/03\/Sin-titulo-1-dgdcg-scaled.webp\" data-width=\"2560\" data-height=\"2226\" aria-label=\"\" role=\"img\" ><\/div>\n\t\t\t\t\t\t\t\t\t\t\t\t\t\t<\/a>\n\t\t\t\t\t\t\t<a class=\"e-gallery-item elementor-gallery-item elementor-animated-content\" href=\"https:\/\/kabezadevaca.com\/wp-content\/uploads\/2025\/04\/hhh-2-scaled.jpg\" data-elementor-open-lightbox=\"yes\" data-elementor-lightbox-slideshow=\"224e656\" data-e-action-hash=\"#elementor-action%3Aaction%3Dlightbox%26settings%3DeyJpZCI6MzY3NzAsInVybCI6Imh0dHBzOlwvXC9rYWJlemFkZXZhY2EuY29tXC93cC1jb250ZW50XC91cGxvYWRzXC8yMDI1XC8wNFwvaGhoLTItc2NhbGVkLmpwZyIsInNsaWRlc2hvdyI6IjIyNGU2NTYifQ%3D%3D\">\n\t\t\t\t\t<div class=\"e-gallery-image elementor-gallery-item__image\" data-thumbnail=\"https:\/\/kabezadevaca.com\/wp-content\/uploads\/2025\/04\/hhh-2-scaled.jpg\" data-width=\"1920\" data-height=\"2560\" aria-label=\"\" role=\"img\" ><\/div>\n\t\t\t\t\t\t\t\t\t\t\t\t\t\t<\/a>\n\t\t\t\t\t\t\t<a class=\"e-gallery-item elementor-gallery-item elementor-animated-content\" href=\"https:\/\/kabezadevaca.com\/wp-content\/uploads\/2025\/04\/2B1_Cabeza_K_T9Proyecto-final-ultimo-hehco-scaled.jpg\" data-elementor-open-lightbox=\"yes\" data-elementor-lightbox-slideshow=\"224e656\" data-e-action-hash=\"#elementor-action%3Aaction%3Dlightbox%26settings%3DeyJpZCI6MzY3NzEsInVybCI6Imh0dHBzOlwvXC9rYWJlemFkZXZhY2EuY29tXC93cC1jb250ZW50XC91cGxvYWRzXC8yMDI1XC8wNFwvMkIxX0NhYmV6YV9LX1Q5UHJveWVjdG8tZmluYWwtdWx0aW1vLWhlaGNvLXNjYWxlZC5qcGciLCJzbGlkZXNob3ciOiIyMjRlNjU2In0%3D\">\n\t\t\t\t\t<div class=\"e-gallery-image elementor-gallery-item__image\" data-thumbnail=\"https:\/\/kabezadevaca.com\/wp-content\/uploads\/2025\/04\/2B1_Cabeza_K_T9Proyecto-final-ultimo-hehco-scaled.jpg\" data-width=\"1920\" data-height=\"2560\" aria-label=\"\" role=\"img\" ><\/div>\n\t\t\t\t\t\t\t\t\t\t\t\t\t\t<\/a>\n\t\t\t\t\t<\/div>\n\t\t\t\t\t<\/div>\n\t\t\t\t<\/div>\n\t\t\t\t\t<\/div>\n\t\t\t\t<\/div>\n\t\t\t\t<\/div>","protected":false},"excerpt":{"rendered":"<p>Producto Con todo el sentido Bodeg\u00f3n de Producto La materia cardinal de tu negocio es tu producto. \u00a1Iluminemos sus bondades! Tanto si la necesidad es de fotograf\u00eda creativa como de im\u00e1genes para e-commerce, el resultado ser\u00e1 m\u00e1gico.<\/p>","protected":false},"author":1,"featured_media":0,"parent":36037,"menu_order":0,"comment_status":"closed","ping_status":"closed","template":"","meta":{"footnotes":""},"class_list":["post-35898","page","type-page","status-publish","hentry"],"yoast_head":"<!-- This site is optimized with the Yoast SEO plugin v26.4 - https:\/\/yoast.com\/wordpress\/plugins\/seo\/ -->\n<title>Producto - Katia cabeza de vaca | Fot\u00f3grafa de autor<\/title>\n<meta name=\"robots\" content=\"index, follow, max-snippet:-1, max-image-preview:large, max-video-preview:-1\" \/>\n<link rel=\"canonical\" href=\"https:\/\/kabezadevaca.com\/en\/portfolio\/bodegon\/\" \/>\n<meta property=\"og:locale\" content=\"en_GB\" \/>\n<meta property=\"og:type\" content=\"article\" \/>\n<meta property=\"og:title\" content=\"Producto - Katia cabeza de vaca | Fot\u00f3grafa de autor\" \/>\n<meta property=\"og:description\" content=\"Producto Con todo el sentido Bodeg\u00f3n de Producto La materia cardinal de tu negocio es tu producto. \u00a1Iluminemos sus bondades! Tanto si la necesidad es de fotograf\u00eda creativa como de im\u00e1genes para e-commerce, el resultado ser\u00e1 m\u00e1gico.\" \/>\n<meta property=\"og:url\" content=\"https:\/\/kabezadevaca.com\/en\/portfolio\/bodegon\/\" \/>\n<meta property=\"og:site_name\" content=\"Katia cabeza de vaca | Fot\u00f3grafa de autor\" \/>\n<meta property=\"article:modified_time\" content=\"2025-04-02T18:01:30+00:00\" \/>\n<meta property=\"og:image\" content=\"https:\/\/kabezadevaca.com\/wp-content\/uploads\/2025\/02\/kabeadevaca-Logo-mail.png\" \/>\n\t<meta property=\"og:image:width\" content=\"200\" \/>\n\t<meta property=\"og:image:height\" content=\"100\" \/>\n\t<meta property=\"og:image:type\" content=\"image\/png\" \/>\n<meta name=\"twitter:card\" content=\"summary_large_image\" \/>\n<meta name=\"twitter:label1\" content=\"Estimated reading time\" \/>\n\t<meta name=\"twitter:data1\" content=\"1 minute\" \/>\n<script type=\"application\/ld+json\" class=\"yoast-schema-graph\">{\"@context\":\"https:\/\/schema.org\",\"@graph\":[{\"@type\":\"WebPage\",\"@id\":\"https:\/\/kabezadevaca.com\/portfolio\/bodegon\/\",\"url\":\"https:\/\/kabezadevaca.com\/portfolio\/bodegon\/\",\"name\":\"Producto - Katia cabeza de vaca | Fot\u00f3grafa de autor\",\"isPartOf\":{\"@id\":\"https:\/\/kabezadevaca.com\/#website\"},\"datePublished\":\"2025-02-04T13:00:25+00:00\",\"dateModified\":\"2025-04-02T18:01:30+00:00\",\"breadcrumb\":{\"@id\":\"https:\/\/kabezadevaca.com\/portfolio\/bodegon\/#breadcrumb\"},\"inLanguage\":\"en-GB\",\"potentialAction\":[{\"@type\":\"ReadAction\",\"target\":[\"https:\/\/kabezadevaca.com\/portfolio\/bodegon\/\"]}]},{\"@type\":\"BreadcrumbList\",\"@id\":\"https:\/\/kabezadevaca.com\/portfolio\/bodegon\/#breadcrumb\",\"itemListElement\":[{\"@type\":\"ListItem\",\"position\":1,\"name\":\"Portada\",\"item\":\"https:\/\/kabezadevaca.com\/\"},{\"@type\":\"ListItem\",\"position\":2,\"name\":\"Portfolio\",\"item\":\"https:\/\/kabezadevaca.com\/portfolio\/\"},{\"@type\":\"ListItem\",\"position\":3,\"name\":\"Producto\"}]},{\"@type\":\"WebSite\",\"@id\":\"https:\/\/kabezadevaca.com\/#website\",\"url\":\"https:\/\/kabezadevaca.com\/\",\"name\":\"Katia cabeza de vaca | Fot\u00f3grafa de autor\",\"description\":\"Fotograf\u00eda retoque digital | Kabezadevaca\",\"publisher\":{\"@id\":\"https:\/\/kabezadevaca.com\/#organization\"},\"potentialAction\":[{\"@type\":\"SearchAction\",\"target\":{\"@type\":\"EntryPoint\",\"urlTemplate\":\"https:\/\/kabezadevaca.com\/?s={search_term_string}\"},\"query-input\":{\"@type\":\"PropertyValueSpecification\",\"valueRequired\":true,\"valueName\":\"search_term_string\"}}],\"inLanguage\":\"en-GB\"},{\"@type\":\"Organization\",\"@id\":\"https:\/\/kabezadevaca.com\/#organization\",\"name\":\"Katia Cabeza de Vaca\",\"url\":\"https:\/\/kabezadevaca.com\/\",\"logo\":{\"@type\":\"ImageObject\",\"inLanguage\":\"en-GB\",\"@id\":\"https:\/\/kabezadevaca.com\/#\/schema\/logo\/image\/\",\"url\":\"https:\/\/kabezadevaca.com\/wp-content\/uploads\/2025\/02\/kabeadevaca-Logonegro.png\",\"contentUrl\":\"https:\/\/kabezadevaca.com\/wp-content\/uploads\/2025\/02\/kabeadevaca-Logonegro.png\",\"width\":500,\"height\":249,\"caption\":\"Katia Cabeza de Vaca\"},\"image\":{\"@id\":\"https:\/\/kabezadevaca.com\/#\/schema\/logo\/image\/\"},\"sameAs\":[\"https:\/\/www.instagram.com\/kabezadevaca\/\"]}]}<\/script>\n<!-- \/ Yoast SEO plugin. -->","yoast_head_json":{"title":"Producto - Katia cabeza de vaca | Fot\u00f3grafa de autor","robots":{"index":"index","follow":"follow","max-snippet":"max-snippet:-1","max-image-preview":"max-image-preview:large","max-video-preview":"max-video-preview:-1"},"canonical":"https:\/\/kabezadevaca.com\/en\/portfolio\/bodegon\/","og_locale":"en_GB","og_type":"article","og_title":"Producto - Katia cabeza de vaca | Fot\u00f3grafa de autor","og_description":"Producto Con todo el sentido Bodeg\u00f3n de Producto La materia cardinal de tu negocio es tu producto. \u00a1Iluminemos sus bondades! Tanto si la necesidad es de fotograf\u00eda creativa como de im\u00e1genes para e-commerce, el resultado ser\u00e1 m\u00e1gico.","og_url":"https:\/\/kabezadevaca.com\/en\/portfolio\/bodegon\/","og_site_name":"Katia cabeza de vaca | Fot\u00f3grafa de autor","article_modified_time":"2025-04-02T18:01:30+00:00","og_image":[{"width":200,"height":100,"url":"https:\/\/kabezadevaca.com\/wp-content\/uploads\/2025\/02\/kabeadevaca-Logo-mail.png","type":"image\/png"}],"twitter_card":"summary_large_image","twitter_misc":{"Estimated reading time":"1 minute"},"schema":{"@context":"https:\/\/schema.org","@graph":[{"@type":"WebPage","@id":"https:\/\/kabezadevaca.com\/portfolio\/bodegon\/","url":"https:\/\/kabezadevaca.com\/portfolio\/bodegon\/","name":"Producto - Katia cabeza de vaca | Fot\u00f3grafa de autor","isPartOf":{"@id":"https:\/\/kabezadevaca.com\/#website"},"datePublished":"2025-02-04T13:00:25+00:00","dateModified":"2025-04-02T18:01:30+00:00","breadcrumb":{"@id":"https:\/\/kabezadevaca.com\/portfolio\/bodegon\/#breadcrumb"},"inLanguage":"en-GB","potentialAction":[{"@type":"ReadAction","target":["https:\/\/kabezadevaca.com\/portfolio\/bodegon\/"]}]},{"@type":"BreadcrumbList","@id":"https:\/\/kabezadevaca.com\/portfolio\/bodegon\/#breadcrumb","itemListElement":[{"@type":"ListItem","position":1,"name":"Portada","item":"https:\/\/kabezadevaca.com\/"},{"@type":"ListItem","position":2,"name":"Portfolio","item":"https:\/\/kabezadevaca.com\/portfolio\/"},{"@type":"ListItem","position":3,"name":"Producto"}]},{"@type":"WebSite","@id":"https:\/\/kabezadevaca.com\/#website","url":"https:\/\/kabezadevaca.com\/","name":"Katia cabeza de vaca | Fot\u00f3grafa de autor","description":"Fotograf\u00eda retoque digital | Kabezadevaca","publisher":{"@id":"https:\/\/kabezadevaca.com\/#organization"},"potentialAction":[{"@type":"SearchAction","target":{"@type":"EntryPoint","urlTemplate":"https:\/\/kabezadevaca.com\/?s={search_term_string}"},"query-input":{"@type":"PropertyValueSpecification","valueRequired":true,"valueName":"search_term_string"}}],"inLanguage":"en-GB"},{"@type":"Organization","@id":"https:\/\/kabezadevaca.com\/#organization","name":"Katia Cabeza de Vaca","url":"https:\/\/kabezadevaca.com\/","logo":{"@type":"ImageObject","inLanguage":"en-GB","@id":"https:\/\/kabezadevaca.com\/#\/schema\/logo\/image\/","url":"https:\/\/kabezadevaca.com\/wp-content\/uploads\/2025\/02\/kabeadevaca-Logonegro.png","contentUrl":"https:\/\/kabezadevaca.com\/wp-content\/uploads\/2025\/02\/kabeadevaca-Logonegro.png","width":500,"height":249,"caption":"Katia Cabeza de Vaca"},"image":{"@id":"https:\/\/kabezadevaca.com\/#\/schema\/logo\/image\/"},"sameAs":["https:\/\/www.instagram.com\/kabezadevaca\/"]}]}},"_links":{"self":[{"href":"https:\/\/kabezadevaca.com\/en\/wp-json\/wp\/v2\/pages\/35898","targetHints":{"allow":["GET"]}}],"collection":[{"href":"https:\/\/kabezadevaca.com\/en\/wp-json\/wp\/v2\/pages"}],"about":[{"href":"https:\/\/kabezadevaca.com\/en\/wp-json\/wp\/v2\/types\/page"}],"author":[{"embeddable":true,"href":"https:\/\/kabezadevaca.com\/en\/wp-json\/wp\/v2\/users\/1"}],"replies":[{"embeddable":true,"href":"https:\/\/kabezadevaca.com\/en\/wp-json\/wp\/v2\/comments?post=35898"}],"version-history":[{"count":15,"href":"https:\/\/kabezadevaca.com\/en\/wp-json\/wp\/v2\/pages\/35898\/revisions"}],"predecessor-version":[{"id":36775,"href":"https:\/\/kabezadevaca.com\/en\/wp-json\/wp\/v2\/pages\/35898\/revisions\/36775"}],"up":[{"embeddable":true,"href":"https:\/\/kabezadevaca.com\/en\/wp-json\/wp\/v2\/pages\/36037"}],"wp:attachment":[{"href":"https:\/\/kabezadevaca.com\/en\/wp-json\/wp\/v2\/media?parent=35898"}],"curies":[{"name":"wp","href":"https:\/\/api.w.org\/{rel}","templated":true}]}}