{"id":35896,"date":"2025-02-04T14:00:09","date_gmt":"2025-02-04T13:00:09","guid":{"rendered":"https:\/\/cma.partners360.es\/?page_id=35896"},"modified":"2025-04-02T18:43:40","modified_gmt":"2025-04-02T18:43:40","slug":"arquitectura","status":"publish","type":"page","link":"https:\/\/kabezadevaca.com\/en\/portfolio\/arquitectura\/","title":{"rendered":"Architecture"},"content":{"rendered":"<div data-elementor-type=\"wp-page\" data-elementor-id=\"35896\" class=\"elementor elementor-35896\" data-elementor-post-type=\"page\">\n\t\t\t\t<div class=\"elementor-element elementor-element-17a8409 e-flex e-con-boxed e-con e-parent\" data-id=\"17a8409\" data-element_type=\"container\" data-settings=\"{&quot;background_background&quot;:&quot;classic&quot;}\">\n\t\t\t\t\t<div class=\"e-con-inner\">\n\t\t\t\t<div class=\"elementor-element elementor-element-61bbef7 elementor-widget elementor-widget-heading\" data-id=\"61bbef7\" data-element_type=\"widget\" data-widget_type=\"heading.default\">\n\t\t\t\t<div class=\"elementor-widget-container\">\n\t\t\t\t\t<h2 class=\"elementor-heading-title elementor-size-default\">Tu mejor propuesta en im\u00e1genes<\/h2>\t\t\t\t<\/div>\n\t\t\t\t<\/div>\n\t\t\t\t\t<\/div>\n\t\t\t\t<\/div>\n\t\t<div class=\"elementor-element elementor-element-0b92b98 e-flex e-con-boxed e-con e-child\" data-id=\"0b92b98\" data-element_type=\"container\">\n\t\t\t\t\t<div class=\"e-con-inner\">\n\t\t\t\t<div class=\"elementor-element elementor-element-1723a0d elementor-widget elementor-widget-text-editor\" data-id=\"1723a0d\" data-element_type=\"widget\" data-widget_type=\"text-editor.default\">\n\t\t\t\t<div class=\"elementor-widget-container\">\n\t\t\t\t\t\t\t\t\t<p>Fotograf\u00eda de inmuebles para cat\u00e1logo, webs para su venta, editorial y reportaje en prensa o decoraci\u00f3n para salones de empresa. En este ejemplo: Hotel Me &#8211; Barcelona.<\/p>\t\t\t\t\t\t\t\t<\/div>\n\t\t\t\t<\/div>\n\t\t\t\t<div class=\"elementor-element elementor-element-ff834f3 elementor-widget elementor-widget-gallery\" data-id=\"ff834f3\" data-element_type=\"widget\" data-settings=\"{&quot;columns&quot;:3,&quot;gap&quot;:{&quot;unit&quot;:&quot;px&quot;,&quot;size&quot;:5,&quot;sizes&quot;:[]},&quot;aspect_ratio&quot;:&quot;1:1&quot;,&quot;lazyload&quot;:&quot;yes&quot;,&quot;gallery_layout&quot;:&quot;grid&quot;,&quot;columns_tablet&quot;:2,&quot;columns_mobile&quot;:1,&quot;gap_laptop&quot;:{&quot;unit&quot;:&quot;px&quot;,&quot;size&quot;:10,&quot;sizes&quot;:[]},&quot;gap_tablet&quot;:{&quot;unit&quot;:&quot;px&quot;,&quot;size&quot;:10,&quot;sizes&quot;:[]},&quot;gap_mobile&quot;:{&quot;unit&quot;:&quot;px&quot;,&quot;size&quot;:10,&quot;sizes&quot;:[]},&quot;link_to&quot;:&quot;file&quot;,&quot;content_hover_animation&quot;:&quot;fade-in&quot;}\" data-widget_type=\"gallery.default\">\n\t\t\t\t<div class=\"elementor-widget-container\">\n\t\t\t\t\t\t\t<div class=\"elementor-gallery__container\">\n\t\t\t\t\t\t\t<a class=\"e-gallery-item elementor-gallery-item elementor-animated-content\" href=\"https:\/\/kabezadevaca.com\/wp-content\/uploads\/2025\/03\/Arquitectura_Hotel_01-scaled.webp\" data-elementor-open-lightbox=\"yes\" data-elementor-lightbox-slideshow=\"ff834f3\" data-e-action-hash=\"#elementor-action%3Aaction%3Dlightbox%26settings%3DeyJpZCI6MzY0MjcsInVybCI6Imh0dHBzOlwvXC9rYWJlemFkZXZhY2EuY29tXC93cC1jb250ZW50XC91cGxvYWRzXC8yMDI1XC8wM1wvQXJxdWl0ZWN0dXJhX0hvdGVsXzAxLXNjYWxlZC53ZWJwIiwic2xpZGVzaG93IjoiZmY4MzRmMyJ9\">\n\t\t\t\t\t<div class=\"e-gallery-image elementor-gallery-item__image\" data-thumbnail=\"https:\/\/kabezadevaca.com\/wp-content\/uploads\/2025\/03\/Arquitectura_Hotel_01-scaled.webp\" data-width=\"2560\" data-height=\"2560\" aria-label=\"\" role=\"img\" ><\/div>\n\t\t\t\t\t\t\t\t\t\t\t\t\t\t<\/a>\n\t\t\t\t\t\t\t<a class=\"e-gallery-item elementor-gallery-item elementor-animated-content\" href=\"https:\/\/kabezadevaca.com\/wp-content\/uploads\/2025\/03\/Arquitectura_Hotel_05-scaled.webp\" data-elementor-open-lightbox=\"yes\" data-elementor-lightbox-slideshow=\"ff834f3\" data-e-action-hash=\"#elementor-action%3Aaction%3Dlightbox%26settings%3DeyJpZCI6MzY0MzEsInVybCI6Imh0dHBzOlwvXC9rYWJlemFkZXZhY2EuY29tXC93cC1jb250ZW50XC91cGxvYWRzXC8yMDI1XC8wM1wvQXJxdWl0ZWN0dXJhX0hvdGVsXzA1LXNjYWxlZC53ZWJwIiwic2xpZGVzaG93IjoiZmY4MzRmMyJ9\">\n\t\t\t\t\t<div class=\"e-gallery-image elementor-gallery-item__image\" data-thumbnail=\"https:\/\/kabezadevaca.com\/wp-content\/uploads\/2025\/03\/Arquitectura_Hotel_05-scaled.webp\" data-width=\"2530\" data-height=\"2560\" aria-label=\"\" role=\"img\" ><\/div>\n\t\t\t\t\t\t\t\t\t\t\t\t\t\t<\/a>\n\t\t\t\t\t\t\t<a class=\"e-gallery-item elementor-gallery-item elementor-animated-content\" href=\"https:\/\/kabezadevaca.com\/wp-content\/uploads\/2025\/03\/Arquitectura_Hotel_04-scaled.webp\" data-elementor-open-lightbox=\"yes\" data-elementor-lightbox-slideshow=\"ff834f3\" data-e-action-hash=\"#elementor-action%3Aaction%3Dlightbox%26settings%3DeyJpZCI6MzY0MzAsInVybCI6Imh0dHBzOlwvXC9rYWJlemFkZXZhY2EuY29tXC93cC1jb250ZW50XC91cGxvYWRzXC8yMDI1XC8wM1wvQXJxdWl0ZWN0dXJhX0hvdGVsXzA0LXNjYWxlZC53ZWJwIiwic2xpZGVzaG93IjoiZmY4MzRmMyJ9\">\n\t\t\t\t\t<div class=\"e-gallery-image elementor-gallery-item__image\" data-thumbnail=\"https:\/\/kabezadevaca.com\/wp-content\/uploads\/2025\/03\/Arquitectura_Hotel_04-scaled.webp\" data-width=\"1803\" data-height=\"2560\" aria-label=\"\" role=\"img\" ><\/div>\n\t\t\t\t\t\t\t\t\t\t\t\t\t\t<\/a>\n\t\t\t\t\t\t\t<a class=\"e-gallery-item elementor-gallery-item elementor-animated-content\" href=\"https:\/\/kabezadevaca.com\/wp-content\/uploads\/2025\/03\/Arquitectura_Hotel_03-scaled.webp\" data-elementor-open-lightbox=\"yes\" data-elementor-lightbox-slideshow=\"ff834f3\" data-e-action-hash=\"#elementor-action%3Aaction%3Dlightbox%26settings%3DeyJpZCI6MzY0MjksInVybCI6Imh0dHBzOlwvXC9rYWJlemFkZXZhY2EuY29tXC93cC1jb250ZW50XC91cGxvYWRzXC8yMDI1XC8wM1wvQXJxdWl0ZWN0dXJhX0hvdGVsXzAzLXNjYWxlZC53ZWJwIiwic2xpZGVzaG93IjoiZmY4MzRmMyJ9\">\n\t\t\t\t\t<div class=\"e-gallery-image elementor-gallery-item__image\" data-thumbnail=\"https:\/\/kabezadevaca.com\/wp-content\/uploads\/2025\/03\/Arquitectura_Hotel_03-scaled.webp\" data-width=\"2560\" data-height=\"2380\" aria-label=\"\" role=\"img\" ><\/div>\n\t\t\t\t\t\t\t\t\t\t\t\t\t\t<\/a>\n\t\t\t\t\t\t\t<a class=\"e-gallery-item elementor-gallery-item elementor-animated-content\" href=\"https:\/\/kabezadevaca.com\/wp-content\/uploads\/2025\/03\/Arquitectura_Hallhotel-scaled.webp\" data-elementor-open-lightbox=\"yes\" data-elementor-lightbox-slideshow=\"ff834f3\" data-e-action-hash=\"#elementor-action%3Aaction%3Dlightbox%26settings%3DeyJpZCI6MzY0MjYsInVybCI6Imh0dHBzOlwvXC9rYWJlemFkZXZhY2EuY29tXC93cC1jb250ZW50XC91cGxvYWRzXC8yMDI1XC8wM1wvQXJxdWl0ZWN0dXJhX0hhbGxob3RlbC1zY2FsZWQud2VicCIsInNsaWRlc2hvdyI6ImZmODM0ZjMifQ%3D%3D\">\n\t\t\t\t\t<div class=\"e-gallery-image elementor-gallery-item__image\" data-thumbnail=\"https:\/\/kabezadevaca.com\/wp-content\/uploads\/2025\/03\/Arquitectura_Hallhotel-scaled.webp\" data-width=\"2560\" data-height=\"1739\" aria-label=\"\" role=\"img\" ><\/div>\n\t\t\t\t\t\t\t\t\t\t\t\t\t\t<\/a>\n\t\t\t\t\t\t\t<a class=\"e-gallery-item elementor-gallery-item elementor-animated-content\" href=\"https:\/\/kabezadevaca.com\/wp-content\/uploads\/2025\/03\/Arquitectura_Hotelrestaurant-scaled.webp\" data-elementor-open-lightbox=\"yes\" data-elementor-lightbox-slideshow=\"ff834f3\" data-e-action-hash=\"#elementor-action%3Aaction%3Dlightbox%26settings%3DeyJpZCI6MzY0MjgsInVybCI6Imh0dHBzOlwvXC9rYWJlemFkZXZhY2EuY29tXC93cC1jb250ZW50XC91cGxvYWRzXC8yMDI1XC8wM1wvQXJxdWl0ZWN0dXJhX0hvdGVscmVzdGF1cmFudC1zY2FsZWQud2VicCIsInNsaWRlc2hvdyI6ImZmODM0ZjMifQ%3D%3D\">\n\t\t\t\t\t<div class=\"e-gallery-image elementor-gallery-item__image\" data-thumbnail=\"https:\/\/kabezadevaca.com\/wp-content\/uploads\/2025\/03\/Arquitectura_Hotelrestaurant-scaled.webp\" data-width=\"2560\" data-height=\"1945\" aria-label=\"\" role=\"img\" ><\/div>\n\t\t\t\t\t\t\t\t\t\t\t\t\t\t<\/a>\n\t\t\t\t\t\t\t<a class=\"e-gallery-item elementor-gallery-item elementor-animated-content\" href=\"https:\/\/kabezadevaca.com\/wp-content\/uploads\/2025\/03\/Arquitectura_atardecerterraza-scaled.webp\" data-elementor-open-lightbox=\"yes\" data-elementor-lightbox-slideshow=\"ff834f3\" data-e-action-hash=\"#elementor-action%3Aaction%3Dlightbox%26settings%3DeyJpZCI6MzY0MjUsInVybCI6Imh0dHBzOlwvXC9rYWJlemFkZXZhY2EuY29tXC93cC1jb250ZW50XC91cGxvYWRzXC8yMDI1XC8wM1wvQXJxdWl0ZWN0dXJhX2F0YXJkZWNlcnRlcnJhemEtc2NhbGVkLndlYnAiLCJzbGlkZXNob3ciOiJmZjgzNGYzIn0%3D\">\n\t\t\t\t\t<div class=\"e-gallery-image elementor-gallery-item__image\" data-thumbnail=\"https:\/\/kabezadevaca.com\/wp-content\/uploads\/2025\/03\/Arquitectura_atardecerterraza-scaled.webp\" data-width=\"2560\" data-height=\"1707\" aria-label=\"\" role=\"img\" ><\/div>\n\t\t\t\t\t\t\t\t\t\t\t\t\t\t<\/a>\n\t\t\t\t\t\t\t<a class=\"e-gallery-item elementor-gallery-item elementor-animated-content\" href=\"https:\/\/kabezadevaca.com\/wp-content\/uploads\/2025\/03\/Arquitectura_terrazahotel-scaled.webp\" data-elementor-open-lightbox=\"yes\" data-elementor-lightbox-slideshow=\"ff834f3\" data-e-action-hash=\"#elementor-action%3Aaction%3Dlightbox%26settings%3DeyJpZCI6MzY0MjQsInVybCI6Imh0dHBzOlwvXC9rYWJlemFkZXZhY2EuY29tXC93cC1jb250ZW50XC91cGxvYWRzXC8yMDI1XC8wM1wvQXJxdWl0ZWN0dXJhX3RlcnJhemFob3RlbC1zY2FsZWQud2VicCIsInNsaWRlc2hvdyI6ImZmODM0ZjMifQ%3D%3D\">\n\t\t\t\t\t<div class=\"e-gallery-image elementor-gallery-item__image\" data-thumbnail=\"https:\/\/kabezadevaca.com\/wp-content\/uploads\/2025\/03\/Arquitectura_terrazahotel-scaled.webp\" data-width=\"2560\" data-height=\"2560\" aria-label=\"\" role=\"img\" ><\/div>\n\t\t\t\t\t\t\t\t\t\t\t\t\t\t<\/a>\n\t\t\t\t\t\t\t<a class=\"e-gallery-item elementor-gallery-item elementor-animated-content\" href=\"https:\/\/kabezadevaca.com\/wp-content\/uploads\/2025\/04\/DSCF0960-scaled.jpg\" data-elementor-open-lightbox=\"yes\" data-elementor-lightbox-slideshow=\"ff834f3\" data-e-action-hash=\"#elementor-action%3Aaction%3Dlightbox%26settings%3DeyJpZCI6MzY3OTEsInVybCI6Imh0dHBzOlwvXC9rYWJlemFkZXZhY2EuY29tXC93cC1jb250ZW50XC91cGxvYWRzXC8yMDI1XC8wNFwvRFNDRjA5NjAtc2NhbGVkLmpwZyIsInNsaWRlc2hvdyI6ImZmODM0ZjMifQ%3D%3D\">\n\t\t\t\t\t<div class=\"e-gallery-image elementor-gallery-item__image\" data-thumbnail=\"https:\/\/kabezadevaca.com\/wp-content\/uploads\/2025\/04\/DSCF0960-scaled.jpg\" data-width=\"1482\" data-height=\"2560\" aria-label=\"\" role=\"img\" ><\/div>\n\t\t\t\t\t\t\t\t\t\t\t\t\t\t<\/a>\n\t\t\t\t\t<\/div>\n\t\t\t\t\t<\/div>\n\t\t\t\t<\/div>\n\t\t\t\t\t<\/div>\n\t\t\t\t<\/div>\n\t\t\t\t<\/div>","protected":false},"excerpt":{"rendered":"<p>Tu mejor propuesta en im\u00e1genes Fotograf\u00eda de inmuebles para cat\u00e1logo, webs para su venta, editorial y reportaje en prensa o decoraci\u00f3n para salones de empresa. En este ejemplo: Hotel Me &#8211; Barcelona.<\/p>","protected":false},"author":1,"featured_media":0,"parent":36037,"menu_order":0,"comment_status":"closed","ping_status":"closed","template":"","meta":{"footnotes":""},"class_list":["post-35896","page","type-page","status-publish","hentry"],"yoast_head":"<!-- This site is optimized with the Yoast SEO plugin v26.4 - https:\/\/yoast.com\/wordpress\/plugins\/seo\/ -->\n<title>Arquitectura - Katia cabeza de vaca | Fot\u00f3grafa de autor<\/title>\n<meta name=\"robots\" content=\"index, follow, max-snippet:-1, max-image-preview:large, max-video-preview:-1\" \/>\n<link rel=\"canonical\" href=\"https:\/\/kabezadevaca.com\/en\/portfolio\/arquitectura\/\" \/>\n<meta property=\"og:locale\" content=\"en_GB\" \/>\n<meta property=\"og:type\" content=\"article\" \/>\n<meta property=\"og:title\" content=\"Arquitectura - Katia cabeza de vaca | Fot\u00f3grafa de autor\" \/>\n<meta property=\"og:description\" content=\"Tu mejor propuesta en im\u00e1genes Fotograf\u00eda de inmuebles para cat\u00e1logo, webs para su venta, editorial y reportaje en prensa o decoraci\u00f3n para salones de empresa. En este ejemplo: Hotel Me &#8211; Barcelona.\" \/>\n<meta property=\"og:url\" content=\"https:\/\/kabezadevaca.com\/en\/portfolio\/arquitectura\/\" \/>\n<meta property=\"og:site_name\" content=\"Katia cabeza de vaca | Fot\u00f3grafa de autor\" \/>\n<meta property=\"article:modified_time\" content=\"2025-04-02T18:43:40+00:00\" \/>\n<meta property=\"og:image\" content=\"https:\/\/kabezadevaca.com\/wp-content\/uploads\/2025\/02\/kabeadevaca-Logo-mail.png\" \/>\n\t<meta property=\"og:image:width\" content=\"200\" \/>\n\t<meta property=\"og:image:height\" content=\"100\" \/>\n\t<meta property=\"og:image:type\" content=\"image\/png\" \/>\n<meta name=\"twitter:card\" content=\"summary_large_image\" \/>\n<meta name=\"twitter:label1\" content=\"Estimated reading time\" \/>\n\t<meta name=\"twitter:data1\" content=\"1 minute\" \/>\n<script type=\"application\/ld+json\" class=\"yoast-schema-graph\">{\"@context\":\"https:\/\/schema.org\",\"@graph\":[{\"@type\":\"WebPage\",\"@id\":\"https:\/\/kabezadevaca.com\/portfolio\/arquitectura\/\",\"url\":\"https:\/\/kabezadevaca.com\/portfolio\/arquitectura\/\",\"name\":\"Arquitectura - Katia cabeza de vaca | Fot\u00f3grafa de autor\",\"isPartOf\":{\"@id\":\"https:\/\/kabezadevaca.com\/#website\"},\"datePublished\":\"2025-02-04T13:00:09+00:00\",\"dateModified\":\"2025-04-02T18:43:40+00:00\",\"breadcrumb\":{\"@id\":\"https:\/\/kabezadevaca.com\/portfolio\/arquitectura\/#breadcrumb\"},\"inLanguage\":\"en-GB\",\"potentialAction\":[{\"@type\":\"ReadAction\",\"target\":[\"https:\/\/kabezadevaca.com\/portfolio\/arquitectura\/\"]}]},{\"@type\":\"BreadcrumbList\",\"@id\":\"https:\/\/kabezadevaca.com\/portfolio\/arquitectura\/#breadcrumb\",\"itemListElement\":[{\"@type\":\"ListItem\",\"position\":1,\"name\":\"Portada\",\"item\":\"https:\/\/kabezadevaca.com\/\"},{\"@type\":\"ListItem\",\"position\":2,\"name\":\"Portfolio\",\"item\":\"https:\/\/kabezadevaca.com\/portfolio\/\"},{\"@type\":\"ListItem\",\"position\":3,\"name\":\"Arquitectura\"}]},{\"@type\":\"WebSite\",\"@id\":\"https:\/\/kabezadevaca.com\/#website\",\"url\":\"https:\/\/kabezadevaca.com\/\",\"name\":\"Katia cabeza de vaca | Fot\u00f3grafa de autor\",\"description\":\"Fotograf\u00eda retoque digital | Kabezadevaca\",\"publisher\":{\"@id\":\"https:\/\/kabezadevaca.com\/#organization\"},\"potentialAction\":[{\"@type\":\"SearchAction\",\"target\":{\"@type\":\"EntryPoint\",\"urlTemplate\":\"https:\/\/kabezadevaca.com\/?s={search_term_string}\"},\"query-input\":{\"@type\":\"PropertyValueSpecification\",\"valueRequired\":true,\"valueName\":\"search_term_string\"}}],\"inLanguage\":\"en-GB\"},{\"@type\":\"Organization\",\"@id\":\"https:\/\/kabezadevaca.com\/#organization\",\"name\":\"Katia Cabeza de Vaca\",\"url\":\"https:\/\/kabezadevaca.com\/\",\"logo\":{\"@type\":\"ImageObject\",\"inLanguage\":\"en-GB\",\"@id\":\"https:\/\/kabezadevaca.com\/#\/schema\/logo\/image\/\",\"url\":\"https:\/\/kabezadevaca.com\/wp-content\/uploads\/2025\/02\/kabeadevaca-Logonegro.png\",\"contentUrl\":\"https:\/\/kabezadevaca.com\/wp-content\/uploads\/2025\/02\/kabeadevaca-Logonegro.png\",\"width\":500,\"height\":249,\"caption\":\"Katia Cabeza de Vaca\"},\"image\":{\"@id\":\"https:\/\/kabezadevaca.com\/#\/schema\/logo\/image\/\"},\"sameAs\":[\"https:\/\/www.instagram.com\/kabezadevaca\/\"]}]}<\/script>\n<!-- \/ Yoast SEO plugin. -->","yoast_head_json":{"title":"Arquitectura - Katia cabeza de vaca | Fot\u00f3grafa de autor","robots":{"index":"index","follow":"follow","max-snippet":"max-snippet:-1","max-image-preview":"max-image-preview:large","max-video-preview":"max-video-preview:-1"},"canonical":"https:\/\/kabezadevaca.com\/en\/portfolio\/arquitectura\/","og_locale":"en_GB","og_type":"article","og_title":"Arquitectura - Katia cabeza de vaca | Fot\u00f3grafa de autor","og_description":"Tu mejor propuesta en im\u00e1genes Fotograf\u00eda de inmuebles para cat\u00e1logo, webs para su venta, editorial y reportaje en prensa o decoraci\u00f3n para salones de empresa. En este ejemplo: Hotel Me &#8211; Barcelona.","og_url":"https:\/\/kabezadevaca.com\/en\/portfolio\/arquitectura\/","og_site_name":"Katia cabeza de vaca | Fot\u00f3grafa de autor","article_modified_time":"2025-04-02T18:43:40+00:00","og_image":[{"width":200,"height":100,"url":"https:\/\/kabezadevaca.com\/wp-content\/uploads\/2025\/02\/kabeadevaca-Logo-mail.png","type":"image\/png"}],"twitter_card":"summary_large_image","twitter_misc":{"Estimated reading time":"1 minute"},"schema":{"@context":"https:\/\/schema.org","@graph":[{"@type":"WebPage","@id":"https:\/\/kabezadevaca.com\/portfolio\/arquitectura\/","url":"https:\/\/kabezadevaca.com\/portfolio\/arquitectura\/","name":"Arquitectura - Katia cabeza de vaca | Fot\u00f3grafa de autor","isPartOf":{"@id":"https:\/\/kabezadevaca.com\/#website"},"datePublished":"2025-02-04T13:00:09+00:00","dateModified":"2025-04-02T18:43:40+00:00","breadcrumb":{"@id":"https:\/\/kabezadevaca.com\/portfolio\/arquitectura\/#breadcrumb"},"inLanguage":"en-GB","potentialAction":[{"@type":"ReadAction","target":["https:\/\/kabezadevaca.com\/portfolio\/arquitectura\/"]}]},{"@type":"BreadcrumbList","@id":"https:\/\/kabezadevaca.com\/portfolio\/arquitectura\/#breadcrumb","itemListElement":[{"@type":"ListItem","position":1,"name":"Portada","item":"https:\/\/kabezadevaca.com\/"},{"@type":"ListItem","position":2,"name":"Portfolio","item":"https:\/\/kabezadevaca.com\/portfolio\/"},{"@type":"ListItem","position":3,"name":"Arquitectura"}]},{"@type":"WebSite","@id":"https:\/\/kabezadevaca.com\/#website","url":"https:\/\/kabezadevaca.com\/","name":"Katia cabeza de vaca | Fot\u00f3grafa de autor","description":"Fotograf\u00eda retoque digital | Kabezadevaca","publisher":{"@id":"https:\/\/kabezadevaca.com\/#organization"},"potentialAction":[{"@type":"SearchAction","target":{"@type":"EntryPoint","urlTemplate":"https:\/\/kabezadevaca.com\/?s={search_term_string}"},"query-input":{"@type":"PropertyValueSpecification","valueRequired":true,"valueName":"search_term_string"}}],"inLanguage":"en-GB"},{"@type":"Organization","@id":"https:\/\/kabezadevaca.com\/#organization","name":"Katia Cabeza de Vaca","url":"https:\/\/kabezadevaca.com\/","logo":{"@type":"ImageObject","inLanguage":"en-GB","@id":"https:\/\/kabezadevaca.com\/#\/schema\/logo\/image\/","url":"https:\/\/kabezadevaca.com\/wp-content\/uploads\/2025\/02\/kabeadevaca-Logonegro.png","contentUrl":"https:\/\/kabezadevaca.com\/wp-content\/uploads\/2025\/02\/kabeadevaca-Logonegro.png","width":500,"height":249,"caption":"Katia Cabeza de Vaca"},"image":{"@id":"https:\/\/kabezadevaca.com\/#\/schema\/logo\/image\/"},"sameAs":["https:\/\/www.instagram.com\/kabezadevaca\/"]}]}},"_links":{"self":[{"href":"https:\/\/kabezadevaca.com\/en\/wp-json\/wp\/v2\/pages\/35896","targetHints":{"allow":["GET"]}}],"collection":[{"href":"https:\/\/kabezadevaca.com\/en\/wp-json\/wp\/v2\/pages"}],"about":[{"href":"https:\/\/kabezadevaca.com\/en\/wp-json\/wp\/v2\/types\/page"}],"author":[{"embeddable":true,"href":"https:\/\/kabezadevaca.com\/en\/wp-json\/wp\/v2\/users\/1"}],"replies":[{"embeddable":true,"href":"https:\/\/kabezadevaca.com\/en\/wp-json\/wp\/v2\/comments?post=35896"}],"version-history":[{"count":21,"href":"https:\/\/kabezadevaca.com\/en\/wp-json\/wp\/v2\/pages\/35896\/revisions"}],"predecessor-version":[{"id":36794,"href":"https:\/\/kabezadevaca.com\/en\/wp-json\/wp\/v2\/pages\/35896\/revisions\/36794"}],"up":[{"embeddable":true,"href":"https:\/\/kabezadevaca.com\/en\/wp-json\/wp\/v2\/pages\/36037"}],"wp:attachment":[{"href":"https:\/\/kabezadevaca.com\/en\/wp-json\/wp\/v2\/media?parent=35896"}],"curies":[{"name":"wp","href":"https:\/\/api.w.org\/{rel}","templated":true}]}}