{"id":35821,"date":"2025-02-03T14:34:09","date_gmt":"2025-02-03T13:34:09","guid":{"rendered":"https:\/\/cma.partners360.es\/?page_id=35821"},"modified":"2025-04-02T18:36:43","modified_gmt":"2025-04-02T18:36:43","slug":"masia","status":"publish","type":"page","link":"https:\/\/kabezadevaca.com\/en\/colecciones\/masia\/","title":{"rendered":"Farmhouse"},"content":{"rendered":"<div data-elementor-type=\"wp-page\" data-elementor-id=\"35821\" class=\"elementor elementor-35821\" data-elementor-post-type=\"page\">\n\t\t\t\t<div class=\"elementor-element elementor-element-00ceec3 e-flex e-con-boxed e-con e-parent\" data-id=\"00ceec3\" data-element_type=\"container\" data-settings=\"{&quot;background_background&quot;:&quot;classic&quot;}\">\n\t\t\t\t\t<div class=\"e-con-inner\">\n\t\t\t\t<div class=\"elementor-element elementor-element-016ed31 elementor-widget elementor-widget-heading\" data-id=\"016ed31\" data-element_type=\"widget\" data-widget_type=\"heading.default\">\n\t\t\t\t<div class=\"elementor-widget-container\">\n\t\t\t\t\t<span class=\"elementor-heading-title elementor-size-default\">MAS\u00cdA<\/span>\t\t\t\t<\/div>\n\t\t\t\t<\/div>\n\t\t\t\t<div class=\"elementor-element elementor-element-2896c05 elementor-widget elementor-widget-heading\" data-id=\"2896c05\" data-element_type=\"widget\" data-widget_type=\"heading.default\">\n\t\t\t\t<div class=\"elementor-widget-container\">\n\t\t\t\t\t<span class=\"elementor-heading-title elementor-size-default\">LA FUERZA DEL ORIGEN<\/span>\t\t\t\t<\/div>\n\t\t\t\t<\/div>\n\t\t\t\t\t<\/div>\n\t\t\t\t<\/div>\n\t\t<div class=\"elementor-element elementor-element-217e731 e-flex e-con-boxed e-con e-child\" data-id=\"217e731\" data-element_type=\"container\">\n\t\t\t\t\t<div class=\"e-con-inner\">\n\t\t\t\t<div class=\"elementor-element elementor-element-85adfa4 elementor-widget elementor-widget-heading\" data-id=\"85adfa4\" data-element_type=\"widget\" data-widget_type=\"heading.default\">\n\t\t\t\t<div class=\"elementor-widget-container\">\n\t\t\t\t\t<h1 class=\"elementor-heading-title elementor-size-default\">Collection <b>Mas\u00eda \u2014 2025 \u2014<\/b><\/h1>\t\t\t\t<\/div>\n\t\t\t\t<\/div>\n\t\t\t\t<div class=\"elementor-element elementor-element-2ed7af1 elementor-widget elementor-widget-text-editor\" data-id=\"2ed7af1\" data-element_type=\"widget\" data-widget_type=\"text-editor.default\">\n\t\t\t\t<div class=\"elementor-widget-container\">\n\t\t\t\t\t\t\t\t\t<p>Mas\u00eda con sus cinco letras, como &#8216;Mujer&#8217;. Aislada, a la vez cuidadora. Mujer que al traspasar el umbral de la puerta, con cachos de aqu\u00ed y de all\u00e1, compone su cuerpo: Tan ligero es, que el alma se ha atado a los cabellos para no salir volando con el viento.<\/p>\t\t\t\t\t\t\t\t<\/div>\n\t\t\t\t<\/div>\n\t\t\t\t<div class=\"elementor-element elementor-element-1cac031 elementor-widget elementor-widget-gallery\" data-id=\"1cac031\" data-element_type=\"widget\" data-settings=\"{&quot;overlay_title&quot;:&quot;title&quot;,&quot;columns&quot;:3,&quot;gap&quot;:{&quot;unit&quot;:&quot;px&quot;,&quot;size&quot;:5,&quot;sizes&quot;:[]},&quot;aspect_ratio&quot;:&quot;1:1&quot;,&quot;lazyload&quot;:&quot;yes&quot;,&quot;gallery_layout&quot;:&quot;grid&quot;,&quot;columns_tablet&quot;:2,&quot;columns_mobile&quot;:1,&quot;gap_laptop&quot;:{&quot;unit&quot;:&quot;px&quot;,&quot;size&quot;:10,&quot;sizes&quot;:[]},&quot;gap_tablet&quot;:{&quot;unit&quot;:&quot;px&quot;,&quot;size&quot;:10,&quot;sizes&quot;:[]},&quot;gap_mobile&quot;:{&quot;unit&quot;:&quot;px&quot;,&quot;size&quot;:10,&quot;sizes&quot;:[]},&quot;link_to&quot;:&quot;file&quot;,&quot;content_hover_animation&quot;:&quot;fade-in&quot;}\" data-widget_type=\"gallery.default\">\n\t\t\t\t<div class=\"elementor-widget-container\">\n\t\t\t\t\t\t\t<div class=\"elementor-gallery__container\">\n\t\t\t\t\t\t\t<a class=\"e-gallery-item elementor-gallery-item elementor-animated-content\" href=\"https:\/\/kabezadevaca.com\/wp-content\/uploads\/2025\/04\/Capas-scaled.jpg\" data-elementor-open-lightbox=\"yes\" data-elementor-lightbox-slideshow=\"1cac031\" data-e-action-hash=\"#elementor-action%3Aaction%3Dlightbox%26settings%3DeyJpZCI6MzY3ODEsInVybCI6Imh0dHBzOlwvXC9rYWJlemFkZXZhY2EuY29tXC93cC1jb250ZW50XC91cGxvYWRzXC8yMDI1XC8wNFwvQ2FwYXMtc2NhbGVkLmpwZyIsInNsaWRlc2hvdyI6IjFjYWMwMzEifQ%3D%3D\">\n\t\t\t\t\t<div class=\"e-gallery-image elementor-gallery-item__image\" data-thumbnail=\"https:\/\/kabezadevaca.com\/wp-content\/uploads\/2025\/04\/Capas-scaled.jpg\" data-width=\"1707\" data-height=\"2560\" aria-label=\"\" role=\"img\" ><\/div>\n\t\t\t\t\t\t\t\t\t\t\t\t\t\t\t<div class=\"elementor-gallery-item__content\">\n\t\t\t\t\t\t\t\t\t\t\t\t\t\t<div class=\"elementor-gallery-item__title\">\n\t\t\t\t\t\t\t\t\t\t\t\t\t\t\t\t\t\tCapas\t\t\t\t\t\t\t\t<\/div>\n\t\t\t\t\t\t\t\t\t\t\t\t<\/div>\n\t\t\t\t\t\t\t\t\t<\/a>\n\t\t\t\t\t\t\t<a class=\"e-gallery-item elementor-gallery-item elementor-animated-content\" href=\"https:\/\/kabezadevaca.com\/wp-content\/uploads\/2025\/04\/Masia_Escombros_Capas_FINAL_Acoplada-scaled.jpg\" data-elementor-open-lightbox=\"yes\" data-elementor-lightbox-slideshow=\"1cac031\" data-e-action-hash=\"#elementor-action%3Aaction%3Dlightbox%26settings%3DeyJpZCI6MzY3ODMsInVybCI6Imh0dHBzOlwvXC9rYWJlemFkZXZhY2EuY29tXC93cC1jb250ZW50XC91cGxvYWRzXC8yMDI1XC8wNFwvTWFzaWFfRXNjb21icm9zX0NhcGFzX0ZJTkFMX0Fjb3BsYWRhLXNjYWxlZC5qcGciLCJzbGlkZXNob3ciOiIxY2FjMDMxIn0%3D\">\n\t\t\t\t\t<div class=\"e-gallery-image elementor-gallery-item__image\" data-thumbnail=\"https:\/\/kabezadevaca.com\/wp-content\/uploads\/2025\/04\/Masia_Escombros_Capas_FINAL_Acoplada-scaled.jpg\" data-width=\"1707\" data-height=\"2560\" aria-label=\"\" role=\"img\" ><\/div>\n\t\t\t\t\t\t\t\t\t\t\t\t\t\t\t<div class=\"elementor-gallery-item__content\">\n\t\t\t\t\t\t\t\t\t\t\t\t\t\t<div class=\"elementor-gallery-item__title\">\n\t\t\t\t\t\t\t\t\t\t\t\t\t\t\t\t\t\tMasia_Escombros_Capas_FINAL_Acoplada\t\t\t\t\t\t\t\t<\/div>\n\t\t\t\t\t\t\t\t\t\t\t\t<\/div>\n\t\t\t\t\t\t\t\t\t<\/a>\n\t\t\t\t\t\t\t<a class=\"e-gallery-item elementor-gallery-item elementor-animated-content\" href=\"https:\/\/kabezadevaca.com\/wp-content\/uploads\/2025\/04\/Cabeza-Katia_Natua_02-scaled.jpg\" data-elementor-open-lightbox=\"yes\" data-elementor-lightbox-slideshow=\"1cac031\" data-e-action-hash=\"#elementor-action%3Aaction%3Dlightbox%26settings%3DeyJpZCI6MzY3ODcsInVybCI6Imh0dHBzOlwvXC9rYWJlemFkZXZhY2EuY29tXC93cC1jb250ZW50XC91cGxvYWRzXC8yMDI1XC8wNFwvQ2FiZXphLUthdGlhX05hdHVhXzAyLXNjYWxlZC5qcGciLCJzbGlkZXNob3ciOiIxY2FjMDMxIn0%3D\">\n\t\t\t\t\t<div class=\"e-gallery-image elementor-gallery-item__image\" data-thumbnail=\"https:\/\/kabezadevaca.com\/wp-content\/uploads\/2025\/04\/Cabeza-Katia_Natua_02-scaled.jpg\" data-width=\"2560\" data-height=\"1707\" aria-label=\"\" role=\"img\" ><\/div>\n\t\t\t\t\t\t\t\t\t\t\t\t\t\t\t<div class=\"elementor-gallery-item__content\">\n\t\t\t\t\t\t\t\t\t\t\t\t\t\t<div class=\"elementor-gallery-item__title\">\n\t\t\t\t\t\t\t\t\t\t\t\t\t\t\t\t\t\tCabeza-Katia_Natua_02\t\t\t\t\t\t\t\t<\/div>\n\t\t\t\t\t\t\t\t\t\t\t\t<\/div>\n\t\t\t\t\t\t\t\t\t<\/a>\n\t\t\t\t\t<\/div>\n\t\t\t\t\t<\/div>\n\t\t\t\t<\/div>\n\t\t\t\t\t<\/div>\n\t\t\t\t<\/div>\n\t\t\t\t<\/div>","protected":false},"excerpt":{"rendered":"<p>MAS\u00cdA LA FUERZA DEL ORIGEN Colecci\u00f3n Mas\u00eda \u2014 2025 \u2014 Mas\u00eda con sus cinco letras, como &#8216;Mujer&#8217;. Aislada, a la vez cuidadora. Mujer que al traspasar el umbral de la puerta, con cachos de aqu\u00ed y de all\u00e1, compone su cuerpo: Tan ligero es, que el alma se ha atado a los cabellos para no [&hellip;]<\/p>","protected":false},"author":1,"featured_media":0,"parent":34676,"menu_order":0,"comment_status":"closed","ping_status":"closed","template":"","meta":{"footnotes":""},"class_list":["post-35821","page","type-page","status-publish","hentry"],"yoast_head":"<!-- This site is optimized with the Yoast SEO plugin v26.4 - https:\/\/yoast.com\/wordpress\/plugins\/seo\/ -->\n<title>Mas\u00eda - Katia cabeza de vaca | Fot\u00f3grafa de autor<\/title>\n<meta name=\"robots\" content=\"index, follow, max-snippet:-1, max-image-preview:large, max-video-preview:-1\" \/>\n<link rel=\"canonical\" href=\"https:\/\/kabezadevaca.com\/en\/colecciones\/masia\/\" \/>\n<meta property=\"og:locale\" content=\"en_GB\" \/>\n<meta property=\"og:type\" content=\"article\" \/>\n<meta property=\"og:title\" content=\"Mas\u00eda - Katia cabeza de vaca | Fot\u00f3grafa de autor\" \/>\n<meta property=\"og:description\" content=\"MAS\u00cdA LA FUERZA DEL ORIGEN Colecci\u00f3n Mas\u00eda \u2014 2025 \u2014 Mas\u00eda con sus cinco letras, como &#8216;Mujer&#8217;. Aislada, a la vez cuidadora. Mujer que al traspasar el umbral de la puerta, con cachos de aqu\u00ed y de all\u00e1, compone su cuerpo: Tan ligero es, que el alma se ha atado a los cabellos para no [&hellip;]\" \/>\n<meta property=\"og:url\" content=\"https:\/\/kabezadevaca.com\/en\/colecciones\/masia\/\" \/>\n<meta property=\"og:site_name\" content=\"Katia cabeza de vaca | Fot\u00f3grafa de autor\" \/>\n<meta property=\"article:modified_time\" content=\"2025-04-02T18:36:43+00:00\" \/>\n<meta property=\"og:image\" content=\"https:\/\/kabezadevaca.com\/wp-content\/uploads\/2025\/02\/kabeadevaca-Logo-mail.png\" \/>\n\t<meta property=\"og:image:width\" content=\"200\" \/>\n\t<meta property=\"og:image:height\" content=\"100\" \/>\n\t<meta property=\"og:image:type\" content=\"image\/png\" \/>\n<meta name=\"twitter:card\" content=\"summary_large_image\" \/>\n<meta name=\"twitter:label1\" content=\"Estimated reading time\" \/>\n\t<meta name=\"twitter:data1\" content=\"1 minute\" \/>\n<script type=\"application\/ld+json\" class=\"yoast-schema-graph\">{\"@context\":\"https:\/\/schema.org\",\"@graph\":[{\"@type\":\"WebPage\",\"@id\":\"https:\/\/kabezadevaca.com\/colecciones\/masia\/\",\"url\":\"https:\/\/kabezadevaca.com\/colecciones\/masia\/\",\"name\":\"Mas\u00eda - Katia cabeza de vaca | Fot\u00f3grafa de autor\",\"isPartOf\":{\"@id\":\"https:\/\/kabezadevaca.com\/#website\"},\"datePublished\":\"2025-02-03T13:34:09+00:00\",\"dateModified\":\"2025-04-02T18:36:43+00:00\",\"breadcrumb\":{\"@id\":\"https:\/\/kabezadevaca.com\/colecciones\/masia\/#breadcrumb\"},\"inLanguage\":\"en-GB\",\"potentialAction\":[{\"@type\":\"ReadAction\",\"target\":[\"https:\/\/kabezadevaca.com\/colecciones\/masia\/\"]}]},{\"@type\":\"BreadcrumbList\",\"@id\":\"https:\/\/kabezadevaca.com\/colecciones\/masia\/#breadcrumb\",\"itemListElement\":[{\"@type\":\"ListItem\",\"position\":1,\"name\":\"Portada\",\"item\":\"https:\/\/kabezadevaca.com\/\"},{\"@type\":\"ListItem\",\"position\":2,\"name\":\"Colecciones\",\"item\":\"https:\/\/kabezadevaca.com\/colecciones\/\"},{\"@type\":\"ListItem\",\"position\":3,\"name\":\"Mas\u00eda\"}]},{\"@type\":\"WebSite\",\"@id\":\"https:\/\/kabezadevaca.com\/#website\",\"url\":\"https:\/\/kabezadevaca.com\/\",\"name\":\"Katia cabeza de vaca | Fot\u00f3grafa de autor\",\"description\":\"Fotograf\u00eda retoque digital | Kabezadevaca\",\"publisher\":{\"@id\":\"https:\/\/kabezadevaca.com\/#organization\"},\"potentialAction\":[{\"@type\":\"SearchAction\",\"target\":{\"@type\":\"EntryPoint\",\"urlTemplate\":\"https:\/\/kabezadevaca.com\/?s={search_term_string}\"},\"query-input\":{\"@type\":\"PropertyValueSpecification\",\"valueRequired\":true,\"valueName\":\"search_term_string\"}}],\"inLanguage\":\"en-GB\"},{\"@type\":\"Organization\",\"@id\":\"https:\/\/kabezadevaca.com\/#organization\",\"name\":\"Katia Cabeza de Vaca\",\"url\":\"https:\/\/kabezadevaca.com\/\",\"logo\":{\"@type\":\"ImageObject\",\"inLanguage\":\"en-GB\",\"@id\":\"https:\/\/kabezadevaca.com\/#\/schema\/logo\/image\/\",\"url\":\"https:\/\/kabezadevaca.com\/wp-content\/uploads\/2025\/02\/kabeadevaca-Logonegro.png\",\"contentUrl\":\"https:\/\/kabezadevaca.com\/wp-content\/uploads\/2025\/02\/kabeadevaca-Logonegro.png\",\"width\":500,\"height\":249,\"caption\":\"Katia Cabeza de Vaca\"},\"image\":{\"@id\":\"https:\/\/kabezadevaca.com\/#\/schema\/logo\/image\/\"},\"sameAs\":[\"https:\/\/www.instagram.com\/kabezadevaca\/\"]}]}<\/script>\n<!-- \/ Yoast SEO plugin. -->","yoast_head_json":{"title":"Mas\u00eda - Katia cabeza de vaca | Fot\u00f3grafa de autor","robots":{"index":"index","follow":"follow","max-snippet":"max-snippet:-1","max-image-preview":"max-image-preview:large","max-video-preview":"max-video-preview:-1"},"canonical":"https:\/\/kabezadevaca.com\/en\/colecciones\/masia\/","og_locale":"en_GB","og_type":"article","og_title":"Mas\u00eda - Katia cabeza de vaca | Fot\u00f3grafa de autor","og_description":"MAS\u00cdA LA FUERZA DEL ORIGEN Colecci\u00f3n Mas\u00eda \u2014 2025 \u2014 Mas\u00eda con sus cinco letras, como &#8216;Mujer&#8217;. Aislada, a la vez cuidadora. Mujer que al traspasar el umbral de la puerta, con cachos de aqu\u00ed y de all\u00e1, compone su cuerpo: Tan ligero es, que el alma se ha atado a los cabellos para no [&hellip;]","og_url":"https:\/\/kabezadevaca.com\/en\/colecciones\/masia\/","og_site_name":"Katia cabeza de vaca | Fot\u00f3grafa de autor","article_modified_time":"2025-04-02T18:36:43+00:00","og_image":[{"width":200,"height":100,"url":"https:\/\/kabezadevaca.com\/wp-content\/uploads\/2025\/02\/kabeadevaca-Logo-mail.png","type":"image\/png"}],"twitter_card":"summary_large_image","twitter_misc":{"Estimated reading time":"1 minute"},"schema":{"@context":"https:\/\/schema.org","@graph":[{"@type":"WebPage","@id":"https:\/\/kabezadevaca.com\/colecciones\/masia\/","url":"https:\/\/kabezadevaca.com\/colecciones\/masia\/","name":"Mas\u00eda - Katia cabeza de vaca | Fot\u00f3grafa de autor","isPartOf":{"@id":"https:\/\/kabezadevaca.com\/#website"},"datePublished":"2025-02-03T13:34:09+00:00","dateModified":"2025-04-02T18:36:43+00:00","breadcrumb":{"@id":"https:\/\/kabezadevaca.com\/colecciones\/masia\/#breadcrumb"},"inLanguage":"en-GB","potentialAction":[{"@type":"ReadAction","target":["https:\/\/kabezadevaca.com\/colecciones\/masia\/"]}]},{"@type":"BreadcrumbList","@id":"https:\/\/kabezadevaca.com\/colecciones\/masia\/#breadcrumb","itemListElement":[{"@type":"ListItem","position":1,"name":"Portada","item":"https:\/\/kabezadevaca.com\/"},{"@type":"ListItem","position":2,"name":"Colecciones","item":"https:\/\/kabezadevaca.com\/colecciones\/"},{"@type":"ListItem","position":3,"name":"Mas\u00eda"}]},{"@type":"WebSite","@id":"https:\/\/kabezadevaca.com\/#website","url":"https:\/\/kabezadevaca.com\/","name":"Katia cabeza de vaca | Fot\u00f3grafa de autor","description":"Fotograf\u00eda retoque digital | Kabezadevaca","publisher":{"@id":"https:\/\/kabezadevaca.com\/#organization"},"potentialAction":[{"@type":"SearchAction","target":{"@type":"EntryPoint","urlTemplate":"https:\/\/kabezadevaca.com\/?s={search_term_string}"},"query-input":{"@type":"PropertyValueSpecification","valueRequired":true,"valueName":"search_term_string"}}],"inLanguage":"en-GB"},{"@type":"Organization","@id":"https:\/\/kabezadevaca.com\/#organization","name":"Katia Cabeza de Vaca","url":"https:\/\/kabezadevaca.com\/","logo":{"@type":"ImageObject","inLanguage":"en-GB","@id":"https:\/\/kabezadevaca.com\/#\/schema\/logo\/image\/","url":"https:\/\/kabezadevaca.com\/wp-content\/uploads\/2025\/02\/kabeadevaca-Logonegro.png","contentUrl":"https:\/\/kabezadevaca.com\/wp-content\/uploads\/2025\/02\/kabeadevaca-Logonegro.png","width":500,"height":249,"caption":"Katia Cabeza de Vaca"},"image":{"@id":"https:\/\/kabezadevaca.com\/#\/schema\/logo\/image\/"},"sameAs":["https:\/\/www.instagram.com\/kabezadevaca\/"]}]}},"_links":{"self":[{"href":"https:\/\/kabezadevaca.com\/en\/wp-json\/wp\/v2\/pages\/35821","targetHints":{"allow":["GET"]}}],"collection":[{"href":"https:\/\/kabezadevaca.com\/en\/wp-json\/wp\/v2\/pages"}],"about":[{"href":"https:\/\/kabezadevaca.com\/en\/wp-json\/wp\/v2\/types\/page"}],"author":[{"embeddable":true,"href":"https:\/\/kabezadevaca.com\/en\/wp-json\/wp\/v2\/users\/1"}],"replies":[{"embeddable":true,"href":"https:\/\/kabezadevaca.com\/en\/wp-json\/wp\/v2\/comments?post=35821"}],"version-history":[{"count":24,"href":"https:\/\/kabezadevaca.com\/en\/wp-json\/wp\/v2\/pages\/35821\/revisions"}],"predecessor-version":[{"id":36790,"href":"https:\/\/kabezadevaca.com\/en\/wp-json\/wp\/v2\/pages\/35821\/revisions\/36790"}],"up":[{"embeddable":true,"href":"https:\/\/kabezadevaca.com\/en\/wp-json\/wp\/v2\/pages\/34676"}],"wp:attachment":[{"href":"https:\/\/kabezadevaca.com\/en\/wp-json\/wp\/v2\/media?parent=35821"}],"curies":[{"name":"wp","href":"https:\/\/api.w.org\/{rel}","templated":true}]}}