{"id":35812,"date":"2025-02-03T14:31:33","date_gmt":"2025-02-03T13:31:33","guid":{"rendered":"https:\/\/cma.partners360.es\/?page_id=35812"},"modified":"2025-04-29T19:47:29","modified_gmt":"2025-04-29T19:47:29","slug":"intrusos","status":"publish","type":"page","link":"https:\/\/kabezadevaca.com\/en\/colecciones\/intrusos\/","title":{"rendered":"Intruders"},"content":{"rendered":"<div data-elementor-type=\"wp-page\" data-elementor-id=\"35812\" class=\"elementor elementor-35812\" data-elementor-post-type=\"page\">\n\t\t\t\t<div class=\"elementor-element elementor-element-0680639 e-flex e-con-boxed e-con e-parent\" data-id=\"0680639\" data-element_type=\"container\" data-settings=\"{&quot;background_background&quot;:&quot;classic&quot;}\">\n\t\t\t\t\t<div class=\"e-con-inner\">\n\t\t\t\t<div class=\"elementor-element elementor-element-4037256 elementor-widget elementor-widget-heading\" data-id=\"4037256\" data-element_type=\"widget\" data-widget_type=\"heading.default\">\n\t\t\t\t<div class=\"elementor-widget-container\">\n\t\t\t\t\t<span class=\"elementor-heading-title elementor-size-default\">intrusos<\/span>\t\t\t\t<\/div>\n\t\t\t\t<\/div>\n\t\t\t\t<div class=\"elementor-element elementor-element-f002b36 elementor-widget elementor-widget-heading\" data-id=\"f002b36\" data-element_type=\"widget\" data-widget_type=\"heading.default\">\n\t\t\t\t<div class=\"elementor-widget-container\">\n\t\t\t\t\t<span class=\"elementor-heading-title elementor-size-default\">El regreso pendiente<\/span>\t\t\t\t<\/div>\n\t\t\t\t<\/div>\n\t\t\t\t\t<\/div>\n\t\t\t\t<\/div>\n\t\t<div class=\"elementor-element elementor-element-7e439d0 e-flex e-con-boxed e-con e-child\" data-id=\"7e439d0\" data-element_type=\"container\">\n\t\t\t\t\t<div class=\"e-con-inner\">\n\t\t\t\t<div class=\"elementor-element elementor-element-b43b5cc elementor-widget elementor-widget-heading\" data-id=\"b43b5cc\" data-element_type=\"widget\" data-widget_type=\"heading.default\">\n\t\t\t\t<div class=\"elementor-widget-container\">\n\t\t\t\t\t<h1 class=\"elementor-heading-title elementor-size-default\">Collection <b>Intrusos \u2014 2023 \u2014<\/b><\/h1>\t\t\t\t<\/div>\n\t\t\t\t<\/div>\n\t\t\t\t<div class=\"elementor-element elementor-element-f031749 elementor-widget elementor-widget-text-editor\" data-id=\"f031749\" data-element_type=\"widget\" data-widget_type=\"text-editor.default\">\n\t\t\t\t<div class=\"elementor-widget-container\">\n\t\t\t\t\t\t\t\t\t<p>Intrusos es un viaje desde la memoria de nuestro origen, el testimonio de una voluntad inmanente por recordar lo que una vez fuimos. Natura se vuelve espejo, cama, tormento o tal vez, aquel Ed\u00e9n que se perdi\u00f3.<\/p><p>*Esta colecci\u00f3n puede adquirirse de modo personalizado en cuanto a n\u00famero de cuadros, tama\u00f1os, tipos de papel y marcos. Por favor, contacta mediante el formulario, si es de tu inter\u00e9s.<\/p>\t\t\t\t\t\t\t\t<\/div>\n\t\t\t\t<\/div>\n\t\t\t\t<div class=\"elementor-element elementor-element-1ecbc07 elementor-widget elementor-widget-gallery\" data-id=\"1ecbc07\" data-element_type=\"widget\" data-settings=\"{&quot;columns&quot;:3,&quot;gap&quot;:{&quot;unit&quot;:&quot;px&quot;,&quot;size&quot;:16,&quot;sizes&quot;:[]},&quot;gallery_layout&quot;:&quot;masonry&quot;,&quot;columns_tablet&quot;:3,&quot;columns_mobile&quot;:3,&quot;lazyload&quot;:&quot;yes&quot;,&quot;gap_laptop&quot;:{&quot;unit&quot;:&quot;px&quot;,&quot;size&quot;:10,&quot;sizes&quot;:[]},&quot;gap_tablet&quot;:{&quot;unit&quot;:&quot;px&quot;,&quot;size&quot;:10,&quot;sizes&quot;:[]},&quot;gap_mobile&quot;:{&quot;unit&quot;:&quot;px&quot;,&quot;size&quot;:10,&quot;sizes&quot;:[]},&quot;link_to&quot;:&quot;file&quot;,&quot;content_hover_animation&quot;:&quot;fade-in&quot;}\" data-widget_type=\"gallery.default\">\n\t\t\t\t<div class=\"elementor-widget-container\">\n\t\t\t\t\t\t\t<div class=\"elementor-gallery__container\">\n\t\t\t\t\t\t\t<a class=\"e-gallery-item elementor-gallery-item elementor-animated-content\" href=\"https:\/\/kabezadevaca.com\/wp-content\/uploads\/2025\/03\/Intrusos_AdriTriptico_CapasFINALCrop_01-scaled.webp\" data-elementor-open-lightbox=\"yes\" data-elementor-lightbox-slideshow=\"1ecbc07\" data-e-action-hash=\"#elementor-action%3Aaction%3Dlightbox%26settings%3DeyJpZCI6MzY1MjksInVybCI6Imh0dHBzOlwvXC9rYWJlemFkZXZhY2EuY29tXC93cC1jb250ZW50XC91cGxvYWRzXC8yMDI1XC8wM1wvSW50cnVzb3NfQWRyaVRyaXB0aWNvX0NhcGFzRklOQUxDcm9wXzAxLXNjYWxlZC53ZWJwIiwic2xpZGVzaG93IjoiMWVjYmMwNyJ9\">\n\t\t\t\t\t<div class=\"e-gallery-image elementor-gallery-item__image\" data-thumbnail=\"https:\/\/kabezadevaca.com\/wp-content\/uploads\/2025\/03\/Intrusos_AdriTriptico_CapasFINALCrop_01-scaled.webp\" data-width=\"1707\" data-height=\"2560\" aria-label=\"\" role=\"img\" ><\/div>\n\t\t\t\t\t\t\t\t\t\t\t\t\t\t<\/a>\n\t\t\t\t\t\t\t<a class=\"e-gallery-item elementor-gallery-item elementor-animated-content\" href=\"https:\/\/kabezadevaca.com\/wp-content\/uploads\/2025\/03\/Intrusos_AdriTriptico_CapasFINALCrop_02-scaled.webp\" data-elementor-open-lightbox=\"yes\" data-elementor-lightbox-slideshow=\"1ecbc07\" data-e-action-hash=\"#elementor-action%3Aaction%3Dlightbox%26settings%3DeyJpZCI6MzY1MzAsInVybCI6Imh0dHBzOlwvXC9rYWJlemFkZXZhY2EuY29tXC93cC1jb250ZW50XC91cGxvYWRzXC8yMDI1XC8wM1wvSW50cnVzb3NfQWRyaVRyaXB0aWNvX0NhcGFzRklOQUxDcm9wXzAyLXNjYWxlZC53ZWJwIiwic2xpZGVzaG93IjoiMWVjYmMwNyJ9\">\n\t\t\t\t\t<div class=\"e-gallery-image elementor-gallery-item__image\" data-thumbnail=\"https:\/\/kabezadevaca.com\/wp-content\/uploads\/2025\/03\/Intrusos_AdriTriptico_CapasFINALCrop_02-scaled.webp\" data-width=\"1707\" data-height=\"2560\" aria-label=\"\" role=\"img\" ><\/div>\n\t\t\t\t\t\t\t\t\t\t\t\t\t\t<\/a>\n\t\t\t\t\t\t\t<a class=\"e-gallery-item elementor-gallery-item elementor-animated-content\" href=\"https:\/\/kabezadevaca.com\/wp-content\/uploads\/2025\/03\/Intrusos_AdriTriptico_CapasFINALCrop_03-scaled.webp\" data-elementor-open-lightbox=\"yes\" data-elementor-lightbox-slideshow=\"1ecbc07\" data-e-action-hash=\"#elementor-action%3Aaction%3Dlightbox%26settings%3DeyJpZCI6MzY1MzEsInVybCI6Imh0dHBzOlwvXC9rYWJlemFkZXZhY2EuY29tXC93cC1jb250ZW50XC91cGxvYWRzXC8yMDI1XC8wM1wvSW50cnVzb3NfQWRyaVRyaXB0aWNvX0NhcGFzRklOQUxDcm9wXzAzLXNjYWxlZC53ZWJwIiwic2xpZGVzaG93IjoiMWVjYmMwNyJ9\">\n\t\t\t\t\t<div class=\"e-gallery-image elementor-gallery-item__image\" data-thumbnail=\"https:\/\/kabezadevaca.com\/wp-content\/uploads\/2025\/03\/Intrusos_AdriTriptico_CapasFINALCrop_03-scaled.webp\" data-width=\"1707\" data-height=\"2560\" aria-label=\"\" role=\"img\" ><\/div>\n\t\t\t\t\t\t\t\t\t\t\t\t\t\t<\/a>\n\t\t\t\t\t\t\t<a class=\"e-gallery-item elementor-gallery-item elementor-animated-content\" href=\"https:\/\/kabezadevaca.com\/wp-content\/uploads\/2025\/03\/Intrusos_AdriSelva_CapasFINAL-scaled.webp\" data-elementor-open-lightbox=\"yes\" data-elementor-lightbox-slideshow=\"1ecbc07\" data-e-action-hash=\"#elementor-action%3Aaction%3Dlightbox%26settings%3DeyJpZCI6MzY2MDEsInVybCI6Imh0dHBzOlwvXC9rYWJlemFkZXZhY2EuY29tXC93cC1jb250ZW50XC91cGxvYWRzXC8yMDI1XC8wM1wvSW50cnVzb3NfQWRyaVNlbHZhX0NhcGFzRklOQUwtc2NhbGVkLndlYnAiLCJzbGlkZXNob3ciOiIxZWNiYzA3In0%3D\">\n\t\t\t\t\t<div class=\"e-gallery-image elementor-gallery-item__image\" data-thumbnail=\"https:\/\/kabezadevaca.com\/wp-content\/uploads\/2025\/03\/Intrusos_AdriSelva_CapasFINAL-scaled.webp\" data-width=\"1707\" data-height=\"2560\" aria-label=\"\" role=\"img\" ><\/div>\n\t\t\t\t\t\t\t\t\t\t\t\t\t\t<\/a>\n\t\t\t\t\t\t\t<a class=\"e-gallery-item elementor-gallery-item elementor-animated-content\" href=\"https:\/\/kabezadevaca.com\/wp-content\/uploads\/2025\/03\/Intrusos_Arbol-scaled.webp\" data-elementor-open-lightbox=\"yes\" data-elementor-lightbox-slideshow=\"1ecbc07\" data-e-action-hash=\"#elementor-action%3Aaction%3Dlightbox%26settings%3DeyJpZCI6MzY2MDIsInVybCI6Imh0dHBzOlwvXC9rYWJlemFkZXZhY2EuY29tXC93cC1jb250ZW50XC91cGxvYWRzXC8yMDI1XC8wM1wvSW50cnVzb3NfQXJib2wtc2NhbGVkLndlYnAiLCJzbGlkZXNob3ciOiIxZWNiYzA3In0%3D\">\n\t\t\t\t\t<div class=\"e-gallery-image elementor-gallery-item__image\" data-thumbnail=\"https:\/\/kabezadevaca.com\/wp-content\/uploads\/2025\/03\/Intrusos_Arbol-scaled.webp\" data-width=\"1707\" data-height=\"2560\" aria-label=\"\" role=\"img\" ><\/div>\n\t\t\t\t\t\t\t\t\t\t\t\t\t\t<\/a>\n\t\t\t\t\t\t\t<a class=\"e-gallery-item elementor-gallery-item elementor-animated-content\" href=\"https:\/\/kabezadevaca.com\/wp-content\/uploads\/2025\/03\/Intrusos_Cactus_Recconstruccion-scaled.webp\" data-elementor-open-lightbox=\"yes\" data-elementor-lightbox-slideshow=\"1ecbc07\" data-e-action-hash=\"#elementor-action%3Aaction%3Dlightbox%26settings%3DeyJpZCI6MzY2MDMsInVybCI6Imh0dHBzOlwvXC9rYWJlemFkZXZhY2EuY29tXC93cC1jb250ZW50XC91cGxvYWRzXC8yMDI1XC8wM1wvSW50cnVzb3NfQ2FjdHVzX1JlY2NvbnN0cnVjY2lvbi1zY2FsZWQud2VicCIsInNsaWRlc2hvdyI6IjFlY2JjMDcifQ%3D%3D\">\n\t\t\t\t\t<div class=\"e-gallery-image elementor-gallery-item__image\" data-thumbnail=\"https:\/\/kabezadevaca.com\/wp-content\/uploads\/2025\/03\/Intrusos_Cactus_Recconstruccion-scaled.webp\" data-width=\"2560\" data-height=\"1707\" aria-label=\"\" role=\"img\" ><\/div>\n\t\t\t\t\t\t\t\t\t\t\t\t\t\t<\/a>\n\t\t\t\t\t\t\t<a class=\"e-gallery-item elementor-gallery-item elementor-animated-content\" href=\"https:\/\/kabezadevaca.com\/wp-content\/uploads\/2025\/03\/Intrusos_Campo_Acoplado-scaled.webp\" data-elementor-open-lightbox=\"yes\" data-elementor-lightbox-slideshow=\"1ecbc07\" data-e-action-hash=\"#elementor-action%3Aaction%3Dlightbox%26settings%3DeyJpZCI6MzY2MDQsInVybCI6Imh0dHBzOlwvXC9rYWJlemFkZXZhY2EuY29tXC93cC1jb250ZW50XC91cGxvYWRzXC8yMDI1XC8wM1wvSW50cnVzb3NfQ2FtcG9fQWNvcGxhZG8tc2NhbGVkLndlYnAiLCJzbGlkZXNob3ciOiIxZWNiYzA3In0%3D\">\n\t\t\t\t\t<div class=\"e-gallery-image elementor-gallery-item__image\" data-thumbnail=\"https:\/\/kabezadevaca.com\/wp-content\/uploads\/2025\/03\/Intrusos_Campo_Acoplado-scaled.webp\" data-width=\"1707\" data-height=\"2560\" aria-label=\"\" role=\"img\" ><\/div>\n\t\t\t\t\t\t\t\t\t\t\t\t\t\t<\/a>\n\t\t\t\t\t\t\t<a class=\"e-gallery-item elementor-gallery-item elementor-animated-content\" href=\"https:\/\/kabezadevaca.com\/wp-content\/uploads\/2025\/03\/Intrusos_Cascada_Capas_Crop_FINALLL-scaled.webp\" data-elementor-open-lightbox=\"yes\" data-elementor-lightbox-slideshow=\"1ecbc07\" data-e-action-hash=\"#elementor-action%3Aaction%3Dlightbox%26settings%3DeyJpZCI6MzY2MDUsInVybCI6Imh0dHBzOlwvXC9rYWJlemFkZXZhY2EuY29tXC93cC1jb250ZW50XC91cGxvYWRzXC8yMDI1XC8wM1wvSW50cnVzb3NfQ2FzY2FkYV9DYXBhc19Dcm9wX0ZJTkFMTEwtc2NhbGVkLndlYnAiLCJzbGlkZXNob3ciOiIxZWNiYzA3In0%3D\">\n\t\t\t\t\t<div class=\"e-gallery-image elementor-gallery-item__image\" data-thumbnail=\"https:\/\/kabezadevaca.com\/wp-content\/uploads\/2025\/03\/Intrusos_Cascada_Capas_Crop_FINALLL-scaled.webp\" data-width=\"1707\" data-height=\"2560\" aria-label=\"\" role=\"img\" ><\/div>\n\t\t\t\t\t\t\t\t\t\t\t\t\t\t<\/a>\n\t\t\t\t\t\t\t<a class=\"e-gallery-item elementor-gallery-item elementor-animated-content\" href=\"https:\/\/kabezadevaca.com\/wp-content\/uploads\/2025\/03\/Intrusos_JorgAdan_Nuevo-scaled.webp\" data-elementor-open-lightbox=\"yes\" data-elementor-lightbox-slideshow=\"1ecbc07\" data-e-action-hash=\"#elementor-action%3Aaction%3Dlightbox%26settings%3DeyJpZCI6MzY2MDYsInVybCI6Imh0dHBzOlwvXC9rYWJlemFkZXZhY2EuY29tXC93cC1jb250ZW50XC91cGxvYWRzXC8yMDI1XC8wM1wvSW50cnVzb3NfSm9yZ0FkYW5fTnVldm8tc2NhbGVkLndlYnAiLCJzbGlkZXNob3ciOiIxZWNiYzA3In0%3D\">\n\t\t\t\t\t<div class=\"e-gallery-image elementor-gallery-item__image\" data-thumbnail=\"https:\/\/kabezadevaca.com\/wp-content\/uploads\/2025\/03\/Intrusos_JorgAdan_Nuevo-scaled.webp\" data-width=\"1707\" data-height=\"2560\" aria-label=\"\" role=\"img\" ><\/div>\n\t\t\t\t\t\t\t\t\t\t\t\t\t\t<\/a>\n\t\t\t\t\t\t\t<a class=\"e-gallery-item elementor-gallery-item elementor-animated-content\" href=\"https:\/\/kabezadevaca.com\/wp-content\/uploads\/2025\/03\/Intrusos_JorgSirena_Capas02-scaled.webp\" data-elementor-open-lightbox=\"yes\" data-elementor-lightbox-slideshow=\"1ecbc07\" data-e-action-hash=\"#elementor-action%3Aaction%3Dlightbox%26settings%3DeyJpZCI6MzY2MDcsInVybCI6Imh0dHBzOlwvXC9rYWJlemFkZXZhY2EuY29tXC93cC1jb250ZW50XC91cGxvYWRzXC8yMDI1XC8wM1wvSW50cnVzb3NfSm9yZ1NpcmVuYV9DYXBhczAyLXNjYWxlZC53ZWJwIiwic2xpZGVzaG93IjoiMWVjYmMwNyJ9\">\n\t\t\t\t\t<div class=\"e-gallery-image elementor-gallery-item__image\" data-thumbnail=\"https:\/\/kabezadevaca.com\/wp-content\/uploads\/2025\/03\/Intrusos_JorgSirena_Capas02-scaled.webp\" data-width=\"2560\" data-height=\"1707\" aria-label=\"\" role=\"img\" ><\/div>\n\t\t\t\t\t\t\t\t\t\t\t\t\t\t<\/a>\n\t\t\t\t\t\t\t<a class=\"e-gallery-item elementor-gallery-item elementor-animated-content\" href=\"https:\/\/kabezadevaca.com\/wp-content\/uploads\/2025\/03\/Intrusos_Pinchos_Acoplado-scaled.webp\" data-elementor-open-lightbox=\"yes\" data-elementor-lightbox-slideshow=\"1ecbc07\" data-e-action-hash=\"#elementor-action%3Aaction%3Dlightbox%26settings%3DeyJpZCI6MzY2MDgsInVybCI6Imh0dHBzOlwvXC9rYWJlemFkZXZhY2EuY29tXC93cC1jb250ZW50XC91cGxvYWRzXC8yMDI1XC8wM1wvSW50cnVzb3NfUGluY2hvc19BY29wbGFkby1zY2FsZWQud2VicCIsInNsaWRlc2hvdyI6IjFlY2JjMDcifQ%3D%3D\">\n\t\t\t\t\t<div class=\"e-gallery-image elementor-gallery-item__image\" data-thumbnail=\"https:\/\/kabezadevaca.com\/wp-content\/uploads\/2025\/03\/Intrusos_Pinchos_Acoplado-scaled.webp\" data-width=\"2560\" data-height=\"1707\" aria-label=\"\" role=\"img\" ><\/div>\n\t\t\t\t\t\t\t\t\t\t\t\t\t\t<\/a>\n\t\t\t\t\t\t\t<a class=\"e-gallery-item elementor-gallery-item elementor-animated-content\" href=\"https:\/\/kabezadevaca.com\/wp-content\/uploads\/2025\/03\/Intrusos_Roca01_Acoplada-scaled.webp\" data-elementor-open-lightbox=\"yes\" data-elementor-lightbox-slideshow=\"1ecbc07\" data-e-action-hash=\"#elementor-action%3Aaction%3Dlightbox%26settings%3DeyJpZCI6MzY2MDksInVybCI6Imh0dHBzOlwvXC9rYWJlemFkZXZhY2EuY29tXC93cC1jb250ZW50XC91cGxvYWRzXC8yMDI1XC8wM1wvSW50cnVzb3NfUm9jYTAxX0Fjb3BsYWRhLXNjYWxlZC53ZWJwIiwic2xpZGVzaG93IjoiMWVjYmMwNyJ9\">\n\t\t\t\t\t<div class=\"e-gallery-image elementor-gallery-item__image\" data-thumbnail=\"https:\/\/kabezadevaca.com\/wp-content\/uploads\/2025\/03\/Intrusos_Roca01_Acoplada-scaled.webp\" data-width=\"2560\" data-height=\"1707\" aria-label=\"\" role=\"img\" ><\/div>\n\t\t\t\t\t\t\t\t\t\t\t\t\t\t<\/a>\n\t\t\t\t\t\t\t<a class=\"e-gallery-item elementor-gallery-item elementor-animated-content\" href=\"https:\/\/kabezadevaca.com\/wp-content\/uploads\/2025\/03\/Intrusos_Roca02_Acoplada-scaled.webp\" data-elementor-open-lightbox=\"yes\" data-elementor-lightbox-slideshow=\"1ecbc07\" data-e-action-hash=\"#elementor-action%3Aaction%3Dlightbox%26settings%3DeyJpZCI6MzY2MTAsInVybCI6Imh0dHBzOlwvXC9rYWJlemFkZXZhY2EuY29tXC93cC1jb250ZW50XC91cGxvYWRzXC8yMDI1XC8wM1wvSW50cnVzb3NfUm9jYTAyX0Fjb3BsYWRhLXNjYWxlZC53ZWJwIiwic2xpZGVzaG93IjoiMWVjYmMwNyJ9\">\n\t\t\t\t\t<div class=\"e-gallery-image elementor-gallery-item__image\" data-thumbnail=\"https:\/\/kabezadevaca.com\/wp-content\/uploads\/2025\/03\/Intrusos_Roca02_Acoplada-scaled.webp\" data-width=\"1707\" data-height=\"2560\" aria-label=\"\" role=\"img\" ><\/div>\n\t\t\t\t\t\t\t\t\t\t\t\t\t\t<\/a>\n\t\t\t\t\t\t\t<a class=\"e-gallery-item elementor-gallery-item elementor-animated-content\" href=\"https:\/\/kabezadevaca.com\/wp-content\/uploads\/2025\/03\/Intrusos_Safari_Acoplada-1-scaled.webp\" data-elementor-open-lightbox=\"yes\" data-elementor-lightbox-slideshow=\"1ecbc07\" data-e-action-hash=\"#elementor-action%3Aaction%3Dlightbox%26settings%3DeyJpZCI6MzY2MTEsInVybCI6Imh0dHBzOlwvXC9rYWJlemFkZXZhY2EuY29tXC93cC1jb250ZW50XC91cGxvYWRzXC8yMDI1XC8wM1wvSW50cnVzb3NfU2FmYXJpX0Fjb3BsYWRhLTEtc2NhbGVkLndlYnAiLCJzbGlkZXNob3ciOiIxZWNiYzA3In0%3D\">\n\t\t\t\t\t<div class=\"e-gallery-image elementor-gallery-item__image\" data-thumbnail=\"https:\/\/kabezadevaca.com\/wp-content\/uploads\/2025\/03\/Intrusos_Safari_Acoplada-1-scaled.webp\" data-width=\"2560\" data-height=\"1707\" aria-label=\"\" role=\"img\" ><\/div>\n\t\t\t\t\t\t\t\t\t\t\t\t\t\t<\/a>\n\t\t\t\t\t\t\t<a class=\"e-gallery-item elementor-gallery-item elementor-animated-content\" href=\"https:\/\/kabezadevaca.com\/wp-content\/uploads\/2025\/03\/Intrusos_SinRostro_Acoplada-scaled.webp\" data-elementor-open-lightbox=\"yes\" data-elementor-lightbox-slideshow=\"1ecbc07\" data-e-action-hash=\"#elementor-action%3Aaction%3Dlightbox%26settings%3DeyJpZCI6MzY2MTIsInVybCI6Imh0dHBzOlwvXC9rYWJlemFkZXZhY2EuY29tXC93cC1jb250ZW50XC91cGxvYWRzXC8yMDI1XC8wM1wvSW50cnVzb3NfU2luUm9zdHJvX0Fjb3BsYWRhLXNjYWxlZC53ZWJwIiwic2xpZGVzaG93IjoiMWVjYmMwNyJ9\">\n\t\t\t\t\t<div class=\"e-gallery-image elementor-gallery-item__image\" data-thumbnail=\"https:\/\/kabezadevaca.com\/wp-content\/uploads\/2025\/03\/Intrusos_SinRostro_Acoplada-scaled.webp\" data-width=\"1707\" data-height=\"2560\" aria-label=\"\" role=\"img\" ><\/div>\n\t\t\t\t\t\t\t\t\t\t\t\t\t\t<\/a>\n\t\t\t\t\t\t\t<a class=\"e-gallery-item elementor-gallery-item elementor-animated-content\" href=\"https:\/\/kabezadevaca.com\/wp-content\/uploads\/2025\/04\/Silueta-en-su-tronco.webp\" data-elementor-open-lightbox=\"yes\" data-elementor-lightbox-slideshow=\"1ecbc07\" data-e-action-hash=\"#elementor-action%3Aaction%3Dlightbox%26settings%3DeyJpZCI6MzcxNTksInVybCI6Imh0dHBzOlwvXC9rYWJlemFkZXZhY2EuY29tXC93cC1jb250ZW50XC91cGxvYWRzXC8yMDI1XC8wNFwvU2lsdWV0YS1lbi1zdS10cm9uY28ud2VicCIsInNsaWRlc2hvdyI6IjFlY2JjMDcifQ%3D%3D\">\n\t\t\t\t\t<div class=\"e-gallery-image elementor-gallery-item__image\" data-thumbnail=\"https:\/\/kabezadevaca.com\/wp-content\/uploads\/2025\/04\/Silueta-en-su-tronco.webp\" data-width=\"1133\" data-height=\"1700\" aria-label=\"\" role=\"img\" ><\/div>\n\t\t\t\t\t\t\t\t\t\t\t\t\t\t<\/a>\n\t\t\t\t\t\t\t<a class=\"e-gallery-item elementor-gallery-item elementor-animated-content\" href=\"https:\/\/kabezadevaca.com\/wp-content\/uploads\/2025\/04\/Alas-de-ramas.webp\" data-elementor-open-lightbox=\"yes\" data-elementor-lightbox-slideshow=\"1ecbc07\" data-e-action-hash=\"#elementor-action%3Aaction%3Dlightbox%26settings%3DeyJpZCI6MzcxNTgsInVybCI6Imh0dHBzOlwvXC9rYWJlemFkZXZhY2EuY29tXC93cC1jb250ZW50XC91cGxvYWRzXC8yMDI1XC8wNFwvQWxhcy1kZS1yYW1hcy53ZWJwIiwic2xpZGVzaG93IjoiMWVjYmMwNyJ9\">\n\t\t\t\t\t<div class=\"e-gallery-image elementor-gallery-item__image\" data-thumbnail=\"https:\/\/kabezadevaca.com\/wp-content\/uploads\/2025\/04\/Alas-de-ramas.webp\" data-width=\"1600\" data-height=\"1067\" aria-label=\"\" role=\"img\" ><\/div>\n\t\t\t\t\t\t\t\t\t\t\t\t\t\t<\/a>\n\t\t\t\t\t<\/div>\n\t\t\t\t\t<\/div>\n\t\t\t\t<\/div>\n\t\t\t\t\t<\/div>\n\t\t\t\t<\/div>\n\t\t\t\t<\/div>","protected":false},"excerpt":{"rendered":"<p>intrusos El regreso pendiente Colecci\u00f3n Intrusos \u2014 2023 \u2014 Intrusos es un viaje desde la memoria de nuestro origen, el testimonio de una voluntad inmanente por recordar lo que una vez fuimos. Natura se vuelve espejo, cama, tormento o tal vez, aquel Ed\u00e9n que se perdi\u00f3. *Esta colecci\u00f3n puede adquirirse de modo personalizado en cuanto [&hellip;]<\/p>","protected":false},"author":1,"featured_media":0,"parent":34676,"menu_order":0,"comment_status":"closed","ping_status":"closed","template":"","meta":{"footnotes":""},"class_list":["post-35812","page","type-page","status-publish","hentry"],"yoast_head":"<!-- This site is optimized with the Yoast SEO plugin v26.4 - https:\/\/yoast.com\/wordpress\/plugins\/seo\/ -->\n<title>Intrusos - Katia cabeza de vaca | Fot\u00f3grafa de autor<\/title>\n<meta name=\"robots\" content=\"index, follow, max-snippet:-1, max-image-preview:large, max-video-preview:-1\" \/>\n<link rel=\"canonical\" href=\"https:\/\/kabezadevaca.com\/en\/colecciones\/intrusos\/\" \/>\n<meta property=\"og:locale\" content=\"en_GB\" \/>\n<meta property=\"og:type\" content=\"article\" \/>\n<meta property=\"og:title\" content=\"Intrusos - Katia cabeza de vaca | Fot\u00f3grafa de autor\" \/>\n<meta property=\"og:description\" content=\"intrusos El regreso pendiente Colecci\u00f3n Intrusos \u2014 2023 \u2014 Intrusos es un viaje desde la memoria de nuestro origen, el testimonio de una voluntad inmanente por recordar lo que una vez fuimos. Natura se vuelve espejo, cama, tormento o tal vez, aquel Ed\u00e9n que se perdi\u00f3. *Esta colecci\u00f3n puede adquirirse de modo personalizado en cuanto [&hellip;]\" \/>\n<meta property=\"og:url\" content=\"https:\/\/kabezadevaca.com\/en\/colecciones\/intrusos\/\" \/>\n<meta property=\"og:site_name\" content=\"Katia cabeza de vaca | Fot\u00f3grafa de autor\" \/>\n<meta property=\"article:modified_time\" content=\"2025-04-29T19:47:29+00:00\" \/>\n<meta property=\"og:image\" content=\"https:\/\/kabezadevaca.com\/wp-content\/uploads\/2025\/02\/kabeadevaca-Logo-mail.png\" \/>\n\t<meta property=\"og:image:width\" content=\"200\" \/>\n\t<meta property=\"og:image:height\" content=\"100\" \/>\n\t<meta property=\"og:image:type\" content=\"image\/png\" \/>\n<meta name=\"twitter:card\" content=\"summary_large_image\" \/>\n<meta name=\"twitter:label1\" content=\"Estimated reading time\" \/>\n\t<meta name=\"twitter:data1\" content=\"1 minute\" \/>\n<script type=\"application\/ld+json\" class=\"yoast-schema-graph\">{\"@context\":\"https:\/\/schema.org\",\"@graph\":[{\"@type\":\"WebPage\",\"@id\":\"https:\/\/kabezadevaca.com\/colecciones\/intrusos\/\",\"url\":\"https:\/\/kabezadevaca.com\/colecciones\/intrusos\/\",\"name\":\"Intrusos - Katia cabeza de vaca | Fot\u00f3grafa de autor\",\"isPartOf\":{\"@id\":\"https:\/\/kabezadevaca.com\/#website\"},\"datePublished\":\"2025-02-03T13:31:33+00:00\",\"dateModified\":\"2025-04-29T19:47:29+00:00\",\"breadcrumb\":{\"@id\":\"https:\/\/kabezadevaca.com\/colecciones\/intrusos\/#breadcrumb\"},\"inLanguage\":\"en-GB\",\"potentialAction\":[{\"@type\":\"ReadAction\",\"target\":[\"https:\/\/kabezadevaca.com\/colecciones\/intrusos\/\"]}]},{\"@type\":\"BreadcrumbList\",\"@id\":\"https:\/\/kabezadevaca.com\/colecciones\/intrusos\/#breadcrumb\",\"itemListElement\":[{\"@type\":\"ListItem\",\"position\":1,\"name\":\"Portada\",\"item\":\"https:\/\/kabezadevaca.com\/\"},{\"@type\":\"ListItem\",\"position\":2,\"name\":\"Colecciones\",\"item\":\"https:\/\/kabezadevaca.com\/colecciones\/\"},{\"@type\":\"ListItem\",\"position\":3,\"name\":\"Intrusos\"}]},{\"@type\":\"WebSite\",\"@id\":\"https:\/\/kabezadevaca.com\/#website\",\"url\":\"https:\/\/kabezadevaca.com\/\",\"name\":\"Katia cabeza de vaca | Fot\u00f3grafa de autor\",\"description\":\"Fotograf\u00eda retoque digital | Kabezadevaca\",\"publisher\":{\"@id\":\"https:\/\/kabezadevaca.com\/#organization\"},\"potentialAction\":[{\"@type\":\"SearchAction\",\"target\":{\"@type\":\"EntryPoint\",\"urlTemplate\":\"https:\/\/kabezadevaca.com\/?s={search_term_string}\"},\"query-input\":{\"@type\":\"PropertyValueSpecification\",\"valueRequired\":true,\"valueName\":\"search_term_string\"}}],\"inLanguage\":\"en-GB\"},{\"@type\":\"Organization\",\"@id\":\"https:\/\/kabezadevaca.com\/#organization\",\"name\":\"Katia Cabeza de Vaca\",\"url\":\"https:\/\/kabezadevaca.com\/\",\"logo\":{\"@type\":\"ImageObject\",\"inLanguage\":\"en-GB\",\"@id\":\"https:\/\/kabezadevaca.com\/#\/schema\/logo\/image\/\",\"url\":\"https:\/\/kabezadevaca.com\/wp-content\/uploads\/2025\/02\/kabeadevaca-Logonegro.png\",\"contentUrl\":\"https:\/\/kabezadevaca.com\/wp-content\/uploads\/2025\/02\/kabeadevaca-Logonegro.png\",\"width\":500,\"height\":249,\"caption\":\"Katia Cabeza de Vaca\"},\"image\":{\"@id\":\"https:\/\/kabezadevaca.com\/#\/schema\/logo\/image\/\"},\"sameAs\":[\"https:\/\/www.instagram.com\/kabezadevaca\/\"]}]}<\/script>\n<!-- \/ Yoast SEO plugin. -->","yoast_head_json":{"title":"Intrusos - Katia cabeza de vaca | Fot\u00f3grafa de autor","robots":{"index":"index","follow":"follow","max-snippet":"max-snippet:-1","max-image-preview":"max-image-preview:large","max-video-preview":"max-video-preview:-1"},"canonical":"https:\/\/kabezadevaca.com\/en\/colecciones\/intrusos\/","og_locale":"en_GB","og_type":"article","og_title":"Intrusos - Katia cabeza de vaca | Fot\u00f3grafa de autor","og_description":"intrusos El regreso pendiente Colecci\u00f3n Intrusos \u2014 2023 \u2014 Intrusos es un viaje desde la memoria de nuestro origen, el testimonio de una voluntad inmanente por recordar lo que una vez fuimos. Natura se vuelve espejo, cama, tormento o tal vez, aquel Ed\u00e9n que se perdi\u00f3. *Esta colecci\u00f3n puede adquirirse de modo personalizado en cuanto [&hellip;]","og_url":"https:\/\/kabezadevaca.com\/en\/colecciones\/intrusos\/","og_site_name":"Katia cabeza de vaca | Fot\u00f3grafa de autor","article_modified_time":"2025-04-29T19:47:29+00:00","og_image":[{"width":200,"height":100,"url":"https:\/\/kabezadevaca.com\/wp-content\/uploads\/2025\/02\/kabeadevaca-Logo-mail.png","type":"image\/png"}],"twitter_card":"summary_large_image","twitter_misc":{"Estimated reading time":"1 minute"},"schema":{"@context":"https:\/\/schema.org","@graph":[{"@type":"WebPage","@id":"https:\/\/kabezadevaca.com\/colecciones\/intrusos\/","url":"https:\/\/kabezadevaca.com\/colecciones\/intrusos\/","name":"Intrusos - Katia cabeza de vaca | Fot\u00f3grafa de autor","isPartOf":{"@id":"https:\/\/kabezadevaca.com\/#website"},"datePublished":"2025-02-03T13:31:33+00:00","dateModified":"2025-04-29T19:47:29+00:00","breadcrumb":{"@id":"https:\/\/kabezadevaca.com\/colecciones\/intrusos\/#breadcrumb"},"inLanguage":"en-GB","potentialAction":[{"@type":"ReadAction","target":["https:\/\/kabezadevaca.com\/colecciones\/intrusos\/"]}]},{"@type":"BreadcrumbList","@id":"https:\/\/kabezadevaca.com\/colecciones\/intrusos\/#breadcrumb","itemListElement":[{"@type":"ListItem","position":1,"name":"Portada","item":"https:\/\/kabezadevaca.com\/"},{"@type":"ListItem","position":2,"name":"Colecciones","item":"https:\/\/kabezadevaca.com\/colecciones\/"},{"@type":"ListItem","position":3,"name":"Intrusos"}]},{"@type":"WebSite","@id":"https:\/\/kabezadevaca.com\/#website","url":"https:\/\/kabezadevaca.com\/","name":"Katia cabeza de vaca | Fot\u00f3grafa de autor","description":"Fotograf\u00eda retoque digital | Kabezadevaca","publisher":{"@id":"https:\/\/kabezadevaca.com\/#organization"},"potentialAction":[{"@type":"SearchAction","target":{"@type":"EntryPoint","urlTemplate":"https:\/\/kabezadevaca.com\/?s={search_term_string}"},"query-input":{"@type":"PropertyValueSpecification","valueRequired":true,"valueName":"search_term_string"}}],"inLanguage":"en-GB"},{"@type":"Organization","@id":"https:\/\/kabezadevaca.com\/#organization","name":"Katia Cabeza de Vaca","url":"https:\/\/kabezadevaca.com\/","logo":{"@type":"ImageObject","inLanguage":"en-GB","@id":"https:\/\/kabezadevaca.com\/#\/schema\/logo\/image\/","url":"https:\/\/kabezadevaca.com\/wp-content\/uploads\/2025\/02\/kabeadevaca-Logonegro.png","contentUrl":"https:\/\/kabezadevaca.com\/wp-content\/uploads\/2025\/02\/kabeadevaca-Logonegro.png","width":500,"height":249,"caption":"Katia Cabeza de Vaca"},"image":{"@id":"https:\/\/kabezadevaca.com\/#\/schema\/logo\/image\/"},"sameAs":["https:\/\/www.instagram.com\/kabezadevaca\/"]}]}},"_links":{"self":[{"href":"https:\/\/kabezadevaca.com\/en\/wp-json\/wp\/v2\/pages\/35812","targetHints":{"allow":["GET"]}}],"collection":[{"href":"https:\/\/kabezadevaca.com\/en\/wp-json\/wp\/v2\/pages"}],"about":[{"href":"https:\/\/kabezadevaca.com\/en\/wp-json\/wp\/v2\/types\/page"}],"author":[{"embeddable":true,"href":"https:\/\/kabezadevaca.com\/en\/wp-json\/wp\/v2\/users\/1"}],"replies":[{"embeddable":true,"href":"https:\/\/kabezadevaca.com\/en\/wp-json\/wp\/v2\/comments?post=35812"}],"version-history":[{"count":48,"href":"https:\/\/kabezadevaca.com\/en\/wp-json\/wp\/v2\/pages\/35812\/revisions"}],"predecessor-version":[{"id":37172,"href":"https:\/\/kabezadevaca.com\/en\/wp-json\/wp\/v2\/pages\/35812\/revisions\/37172"}],"up":[{"embeddable":true,"href":"https:\/\/kabezadevaca.com\/en\/wp-json\/wp\/v2\/pages\/34676"}],"wp:attachment":[{"href":"https:\/\/kabezadevaca.com\/en\/wp-json\/wp\/v2\/media?parent=35812"}],"curies":[{"name":"wp","href":"https:\/\/api.w.org\/{rel}","templated":true}]}}