{"id":34864,"date":"2025-01-07T11:09:28","date_gmt":"2025-01-07T10:09:28","guid":{"rendered":"https:\/\/cma.partners360.es\/?page_id=34864"},"modified":"2025-04-29T18:36:02","modified_gmt":"2025-04-29T18:36:02","slug":"terminos-y-condiciones","status":"publish","type":"page","link":"https:\/\/kabezadevaca.com\/en\/terminos-y-condiciones\/","title":{"rendered":"Terms and conditions"},"content":{"rendered":"<p><strong>1. Propiedad de Contenido y Derechos de Autor:<\/strong><\/p>\n<p>1.1. All visual content, including images, photographs, and graphics on this website are protected by copyright. These materials may not be used, reproduced, or distributed without the express permission of the owner of the copyright.<\/p>\n<p><strong>2. Uso Apropiado de Contenido Visual:<\/strong><\/p>\n<p>2.1. The user undertakes to use the images and pictures available on this website in accordance with the laws of copyright and intellectual property laws. The unauthorized use of any visual content is strictly prohibited.<\/p>\n<p><strong>3. Recopilaci\u00f3n de Informaci\u00f3n Privada:<\/strong><\/p>\n<p>3.1. This website does not collect private user information to be displayed, unless the user decides to provide such information to us voluntarily through the contact forms or other interactive functions provided by the web. Any information provided will be treated in accordance with our Privacy Policy, which is available in the corresponding section of this website.<\/p>\n<p><strong>4. Limitaci\u00f3n de Responsabilidad:<\/strong><\/p>\n<p>4.1. The owner of this website is not responsible for the unauthorized use of the images, photographs or other visual content that is on this web site by third parties. Any violation of copyright, or intellectual property, will be the sole responsibility of the user performing such action.<\/p>\n<p>4.2. The owner of this website is not responsible for the contents of external websites to which this website may link.<\/p>\n<p><strong>5. Modificaciones en los T\u00e9rminos y Condiciones:<\/strong><\/p>\n<p>5.1. The owner of this website reserves the right to modify these terms and conditions at any time and without prior notice. The changes enter into force as soon as they are posted on this website.<\/p>\n<p><strong>6. Aceptaci\u00f3n de los T\u00e9rminos y Condiciones:<\/strong><\/p>\n<p>6.1. By accessing and using this site, you agree to comply with these terms and conditions. If you do not agree with these terms, we recommend that you do not use this website.<\/p>","protected":false},"excerpt":{"rendered":"<p>1. Propiedad de Contenido y Derechos de Autor: 1.1. Todo el contenido visual, incluyendo im\u00e1genes, fotograf\u00edas y gr\u00e1ficos en esta web, est\u00e1n protegidos por derechos de autor. Estos materiales no pueden ser utilizados, reproducidos o distribuidos sin el permiso expreso del titular de los derechos de autor. 2. Uso Apropiado de Contenido Visual: 2.1. El [&hellip;]<\/p>","protected":false},"author":1,"featured_media":0,"parent":0,"menu_order":0,"comment_status":"closed","ping_status":"closed","template":"","meta":{"footnotes":""},"class_list":["post-34864","page","type-page","status-publish","hentry"],"yoast_head":"<!-- This site is optimized with the Yoast SEO plugin v26.4 - https:\/\/yoast.com\/wordpress\/plugins\/seo\/ -->\n<title>T\u00e9rminos y condiciones - Katia cabeza de vaca | Fot\u00f3grafa de autor<\/title>\n<meta name=\"robots\" content=\"index, follow, max-snippet:-1, max-image-preview:large, max-video-preview:-1\" \/>\n<link rel=\"canonical\" href=\"https:\/\/kabezadevaca.com\/en\/terminos-y-condiciones\/\" \/>\n<meta property=\"og:locale\" content=\"en_GB\" \/>\n<meta property=\"og:type\" content=\"article\" \/>\n<meta property=\"og:title\" content=\"T\u00e9rminos y condiciones - Katia cabeza de vaca | Fot\u00f3grafa de autor\" \/>\n<meta property=\"og:description\" content=\"1. Propiedad de Contenido y Derechos de Autor: 1.1. Todo el contenido visual, incluyendo im\u00e1genes, fotograf\u00edas y gr\u00e1ficos en esta web, est\u00e1n protegidos por derechos de autor. Estos materiales no pueden ser utilizados, reproducidos o distribuidos sin el permiso expreso del titular de los derechos de autor. 2. Uso Apropiado de Contenido Visual: 2.1. El [&hellip;]\" \/>\n<meta property=\"og:url\" content=\"https:\/\/kabezadevaca.com\/en\/terminos-y-condiciones\/\" \/>\n<meta property=\"og:site_name\" content=\"Katia cabeza de vaca | Fot\u00f3grafa de autor\" \/>\n<meta property=\"article:modified_time\" content=\"2025-04-29T18:36:02+00:00\" \/>\n<meta property=\"og:image\" content=\"https:\/\/kabezadevaca.com\/wp-content\/uploads\/2025\/02\/kabeadevaca-Logo-mail.png\" \/>\n\t<meta property=\"og:image:width\" content=\"200\" \/>\n\t<meta property=\"og:image:height\" content=\"100\" \/>\n\t<meta property=\"og:image:type\" content=\"image\/png\" \/>\n<meta name=\"twitter:card\" content=\"summary_large_image\" \/>\n<meta name=\"twitter:label1\" content=\"Estimated reading time\" \/>\n\t<meta name=\"twitter:data1\" content=\"2 minutes\" \/>\n<script type=\"application\/ld+json\" class=\"yoast-schema-graph\">{\"@context\":\"https:\/\/schema.org\",\"@graph\":[{\"@type\":\"WebPage\",\"@id\":\"https:\/\/kabezadevaca.com\/terminos-y-condiciones\/\",\"url\":\"https:\/\/kabezadevaca.com\/terminos-y-condiciones\/\",\"name\":\"T\u00e9rminos y condiciones - Katia cabeza de vaca | Fot\u00f3grafa de autor\",\"isPartOf\":{\"@id\":\"https:\/\/kabezadevaca.com\/#website\"},\"datePublished\":\"2025-01-07T10:09:28+00:00\",\"dateModified\":\"2025-04-29T18:36:02+00:00\",\"breadcrumb\":{\"@id\":\"https:\/\/kabezadevaca.com\/terminos-y-condiciones\/#breadcrumb\"},\"inLanguage\":\"en-GB\",\"potentialAction\":[{\"@type\":\"ReadAction\",\"target\":[\"https:\/\/kabezadevaca.com\/terminos-y-condiciones\/\"]}]},{\"@type\":\"BreadcrumbList\",\"@id\":\"https:\/\/kabezadevaca.com\/terminos-y-condiciones\/#breadcrumb\",\"itemListElement\":[{\"@type\":\"ListItem\",\"position\":1,\"name\":\"Portada\",\"item\":\"https:\/\/kabezadevaca.com\/\"},{\"@type\":\"ListItem\",\"position\":2,\"name\":\"T\u00e9rminos y condiciones\"}]},{\"@type\":\"WebSite\",\"@id\":\"https:\/\/kabezadevaca.com\/#website\",\"url\":\"https:\/\/kabezadevaca.com\/\",\"name\":\"Katia cabeza de vaca | Fot\u00f3grafa de autor\",\"description\":\"Fotograf\u00eda retoque digital | Kabezadevaca\",\"publisher\":{\"@id\":\"https:\/\/kabezadevaca.com\/#organization\"},\"potentialAction\":[{\"@type\":\"SearchAction\",\"target\":{\"@type\":\"EntryPoint\",\"urlTemplate\":\"https:\/\/kabezadevaca.com\/?s={search_term_string}\"},\"query-input\":{\"@type\":\"PropertyValueSpecification\",\"valueRequired\":true,\"valueName\":\"search_term_string\"}}],\"inLanguage\":\"en-GB\"},{\"@type\":\"Organization\",\"@id\":\"https:\/\/kabezadevaca.com\/#organization\",\"name\":\"Katia Cabeza de Vaca\",\"url\":\"https:\/\/kabezadevaca.com\/\",\"logo\":{\"@type\":\"ImageObject\",\"inLanguage\":\"en-GB\",\"@id\":\"https:\/\/kabezadevaca.com\/#\/schema\/logo\/image\/\",\"url\":\"https:\/\/kabezadevaca.com\/wp-content\/uploads\/2025\/02\/kabeadevaca-Logonegro.png\",\"contentUrl\":\"https:\/\/kabezadevaca.com\/wp-content\/uploads\/2025\/02\/kabeadevaca-Logonegro.png\",\"width\":500,\"height\":249,\"caption\":\"Katia Cabeza de Vaca\"},\"image\":{\"@id\":\"https:\/\/kabezadevaca.com\/#\/schema\/logo\/image\/\"},\"sameAs\":[\"https:\/\/www.instagram.com\/kabezadevaca\/\"]}]}<\/script>\n<!-- \/ Yoast SEO plugin. -->","yoast_head_json":{"title":"T\u00e9rminos y condiciones - Katia cabeza de vaca | Fot\u00f3grafa de autor","robots":{"index":"index","follow":"follow","max-snippet":"max-snippet:-1","max-image-preview":"max-image-preview:large","max-video-preview":"max-video-preview:-1"},"canonical":"https:\/\/kabezadevaca.com\/en\/terminos-y-condiciones\/","og_locale":"en_GB","og_type":"article","og_title":"T\u00e9rminos y condiciones - Katia cabeza de vaca | Fot\u00f3grafa de autor","og_description":"1. Propiedad de Contenido y Derechos de Autor: 1.1. Todo el contenido visual, incluyendo im\u00e1genes, fotograf\u00edas y gr\u00e1ficos en esta web, est\u00e1n protegidos por derechos de autor. Estos materiales no pueden ser utilizados, reproducidos o distribuidos sin el permiso expreso del titular de los derechos de autor. 2. Uso Apropiado de Contenido Visual: 2.1. El [&hellip;]","og_url":"https:\/\/kabezadevaca.com\/en\/terminos-y-condiciones\/","og_site_name":"Katia cabeza de vaca | Fot\u00f3grafa de autor","article_modified_time":"2025-04-29T18:36:02+00:00","og_image":[{"width":200,"height":100,"url":"https:\/\/kabezadevaca.com\/wp-content\/uploads\/2025\/02\/kabeadevaca-Logo-mail.png","type":"image\/png"}],"twitter_card":"summary_large_image","twitter_misc":{"Estimated reading time":"2 minutes"},"schema":{"@context":"https:\/\/schema.org","@graph":[{"@type":"WebPage","@id":"https:\/\/kabezadevaca.com\/terminos-y-condiciones\/","url":"https:\/\/kabezadevaca.com\/terminos-y-condiciones\/","name":"T\u00e9rminos y condiciones - Katia cabeza de vaca | Fot\u00f3grafa de autor","isPartOf":{"@id":"https:\/\/kabezadevaca.com\/#website"},"datePublished":"2025-01-07T10:09:28+00:00","dateModified":"2025-04-29T18:36:02+00:00","breadcrumb":{"@id":"https:\/\/kabezadevaca.com\/terminos-y-condiciones\/#breadcrumb"},"inLanguage":"en-GB","potentialAction":[{"@type":"ReadAction","target":["https:\/\/kabezadevaca.com\/terminos-y-condiciones\/"]}]},{"@type":"BreadcrumbList","@id":"https:\/\/kabezadevaca.com\/terminos-y-condiciones\/#breadcrumb","itemListElement":[{"@type":"ListItem","position":1,"name":"Portada","item":"https:\/\/kabezadevaca.com\/"},{"@type":"ListItem","position":2,"name":"T\u00e9rminos y condiciones"}]},{"@type":"WebSite","@id":"https:\/\/kabezadevaca.com\/#website","url":"https:\/\/kabezadevaca.com\/","name":"Katia cabeza de vaca | Fot\u00f3grafa de autor","description":"Fotograf\u00eda retoque digital | Kabezadevaca","publisher":{"@id":"https:\/\/kabezadevaca.com\/#organization"},"potentialAction":[{"@type":"SearchAction","target":{"@type":"EntryPoint","urlTemplate":"https:\/\/kabezadevaca.com\/?s={search_term_string}"},"query-input":{"@type":"PropertyValueSpecification","valueRequired":true,"valueName":"search_term_string"}}],"inLanguage":"en-GB"},{"@type":"Organization","@id":"https:\/\/kabezadevaca.com\/#organization","name":"Katia Cabeza de Vaca","url":"https:\/\/kabezadevaca.com\/","logo":{"@type":"ImageObject","inLanguage":"en-GB","@id":"https:\/\/kabezadevaca.com\/#\/schema\/logo\/image\/","url":"https:\/\/kabezadevaca.com\/wp-content\/uploads\/2025\/02\/kabeadevaca-Logonegro.png","contentUrl":"https:\/\/kabezadevaca.com\/wp-content\/uploads\/2025\/02\/kabeadevaca-Logonegro.png","width":500,"height":249,"caption":"Katia Cabeza de Vaca"},"image":{"@id":"https:\/\/kabezadevaca.com\/#\/schema\/logo\/image\/"},"sameAs":["https:\/\/www.instagram.com\/kabezadevaca\/"]}]}},"_links":{"self":[{"href":"https:\/\/kabezadevaca.com\/en\/wp-json\/wp\/v2\/pages\/34864","targetHints":{"allow":["GET"]}}],"collection":[{"href":"https:\/\/kabezadevaca.com\/en\/wp-json\/wp\/v2\/pages"}],"about":[{"href":"https:\/\/kabezadevaca.com\/en\/wp-json\/wp\/v2\/types\/page"}],"author":[{"embeddable":true,"href":"https:\/\/kabezadevaca.com\/en\/wp-json\/wp\/v2\/users\/1"}],"replies":[{"embeddable":true,"href":"https:\/\/kabezadevaca.com\/en\/wp-json\/wp\/v2\/comments?post=34864"}],"version-history":[{"count":3,"href":"https:\/\/kabezadevaca.com\/en\/wp-json\/wp\/v2\/pages\/34864\/revisions"}],"predecessor-version":[{"id":37152,"href":"https:\/\/kabezadevaca.com\/en\/wp-json\/wp\/v2\/pages\/34864\/revisions\/37152"}],"wp:attachment":[{"href":"https:\/\/kabezadevaca.com\/en\/wp-json\/wp\/v2\/media?parent=34864"}],"curies":[{"name":"wp","href":"https:\/\/api.w.org\/{rel}","templated":true}]}}